{"id":1252,"date":"2024-05-29T13:23:50","date_gmt":"2024-05-29T11:23:50","guid":{"rendered":"https:\/\/tufisio.com\/directorio\/?page_id=1252"},"modified":"2024-06-07T10:49:42","modified_gmt":"2024-06-07T08:49:42","slug":"mejores-fisioterapeutas-en-jaen","status":"publish","type":"page","link":"https:\/\/tufisio.com\/directorio\/mejores-fisioterapeutas-en-jaen\/","title":{"rendered":"Los mejores fisioterapeutas en Ja\u00e9n"},"content":{"rendered":"\n<div style=\"color:#ddd\" class=\"wp-block-genesis-blocks-gb-spacer gb-block-spacer gb-divider-solid gb-divider-size-1\"><hr style=\"height:30px\"\/><\/div>\n\n\n\n<div class=\"wp-block-genesis-blocks-gb-columns gb-layout-columns-1 gb-1-col-equal alignwide\"><div class=\"gb-layout-column-wrap gb-block-layout-column-gap-4 gb-is-responsive-column\">\n<div class=\"wp-block-genesis-blocks-gb-column gb-block-layout-column gb-is-vertically-aligned-top\"><div class=\"gb-block-layout-column-inner\">\n<h1 class=\"wp-block-heading\">Los mejores fisioterapeutas en Ja\u00e9n<\/h1>\n\n\n\n<p>\u00bfBuscas un fisioterapeuta en Ja\u00e9n? Encuentra al profesional que te asistir\u00e1 para mejorar tu salud y bienestar.<\/p>\n\n\n\n<h2 class=\"wp-block-heading\">Fisioterapeutas en Ja\u00e9n<\/h2>\n<\/div><\/div>\n<\/div><\/div>\n\n\n\n<div class=\"wp-block-genesis-blocks-gb-columns gb-layout-columns-2 gb-2-col-wideleft alignwide\" style=\"margin-top:15px\"><div class=\"gb-layout-column-wrap gb-block-layout-column-gap-4 gb-is-responsive-column\">\n<div class=\"wp-block-genesis-blocks-gb-column gb-block-layout-column gb-is-vertically-aligned-top\"><div class=\"gb-block-layout-column-inner\">\n\t\t\t<div class=\"wp-tufisio-list-frontend\">\n\t\t\t\t<div id=\"wp-tufisio-items-jziyexYAHFxaeIJt\" class=\"wp-tufisio-items\">\n\t\t\t\t\t\t\t\t\t<a class=\"wp-tufisio-list-item\" href=\"https:\/\/tufisio.com\/fisioterapeuta\/torredelcampo\/juan-manuel-cruz-bueno\"\n\t\t\t\t\ttarget=\"_blank\" title=\"Juan Manuel Cruz Bueno\">\n\t\t\t\t\t<div class=\"wp-tufisio-list-item-avatar\" style=\"background-image: url('https:\/\/cdn.tufisio.com\/op_1762261000317_avatar.jpeg')\">\n\t\t\t\t\t<\/div>\n\t\t\t\t\t<div class=\"wp-tufisio-list-item-info\">\n\t\t\t\t\t\t<div>\n\t\t\t\t\t\t\tJuan Manuel Cruz Bueno\t\t\t\t\t\t<\/div>\n\t\t\t\t\t\t\t\t\t\t\t\t<div class=\"wp-tufisio-list-item-info-line\">\n\t\t\t\t\t\t\t<div class=\"wp-tufisio-list-item-address\">\n\t\t\t\t\t\t\t\t<img decoding=\"async\" src=\"https:\/\/tufisio.com\/assets\/images\/professional-icons\/location.svg\" alt=\"Icono\" \/>\n\t\t\t\t\t\t\t\tTorredelcampo, Ja\u00e9n\t\t\t\t\t\t\t<\/div>\n\t\t\t\t\t\t\t<div>\n\t\t\t\t\t\t\t\t<div class=\"wp-tufisio-list-item-separator\"><\/div>\n\t\t\t\t\t\t\t<\/div>\n\t\t\t\t\t\t\t<div class=\"wp-tufisio-list-item-rating\">\n\t\t\t\t\t\t\t\t<img decoding=\"async\" src=\"https:\/\/tufisio.com\/assets\/images\/professional-icons\/star.svg\" \/>\n\t\t\t\t\t\t\t\t5.0\t\t\t\t\t\t\t<\/div>\n\n\t\t\t\t\t\t\t\n\t\t\t\t<div>\n\t\t\t\t\t<div class=\"wp-tufisio-list-item-separator\"><\/div>\n\t\t\t\t<\/div>\n\t\t\t\t<div class=\"wp-tufisio-list-item-seal\">\n\t\t\t\t\t<img decoding=\"async\" src=\"https:\/\/tufisio.com\/assets\/images\/professional-icons\/premium-seal.svg\" alt=\"Premium\" \/>\n\t\t\t\t<\/div>\t\t\t\t\t\t<\/div>\n\t\t\t\t\t\t<div>\n\t\t\t\t\t\t\t<button onclick=\"jziyexYAHFxaeIJt_tufisioBooking(event, 'fisioterapeuta\/torredelcampo\/juan-manuel-cruz-bueno')\">\n\t\t\t\t\t\t\t\t<img decoding=\"async\" src=\"https:\/\/tufisio.com\/assets\/images\/header\/calendar.svg\" alt=\"Icono\" \/>\n\t\t\t\t\t\t\t\t<span>Reservar cita<\/span>\n\t\t\t\t\t\t\t<\/button>\n\t\t\t\t\t\t<\/div>\n\t\t\t\t\t<\/div>\n\t\t\t\t<\/a>\n\t\t\t\t\t\t\t\t<a class=\"wp-tufisio-list-item\" href=\"https:\/\/tufisio.com\/fisioterapeuta\/valdepenas-de-jaen\/matias-montes-espinosa\"\n\t\t\t\t\ttarget=\"_blank\" title=\"Mat\u00edas Montes Espinosa\">\n\t\t\t\t\t<div class=\"wp-tufisio-list-item-avatar\" style=\"background-image: url('https:\/\/cdn.tufisio.com\/op_1761389747124_avatar.jpeg')\">\n\t\t\t\t\t<\/div>\n\t\t\t\t\t<div class=\"wp-tufisio-list-item-info\">\n\t\t\t\t\t\t<div>\n\t\t\t\t\t\t\tMat\u00edas Montes Espinosa\t\t\t\t\t\t<\/div>\n\t\t\t\t\t\t\t\t\t\t\t\t<div class=\"wp-tufisio-list-item-info-line\">\n\t\t\t\t\t\t\t<div class=\"wp-tufisio-list-item-address\">\n\t\t\t\t\t\t\t\t<img decoding=\"async\" src=\"https:\/\/tufisio.com\/assets\/images\/professional-icons\/location.svg\" alt=\"Icono\" \/>\n\t\t\t\t\t\t\t\tValdepe\u00f1as de Ja\u00e9n, Ja\u00e9n\t\t\t\t\t\t\t<\/div>\n\t\t\t\t\t\t\t<div>\n\t\t\t\t\t\t\t\t<div class=\"wp-tufisio-list-item-separator\"><\/div>\n\t\t\t\t\t\t\t<\/div>\n\t\t\t\t\t\t\t<div class=\"wp-tufisio-list-item-rating\">\n\t\t\t\t\t\t\t\t<img decoding=\"async\" src=\"https:\/\/tufisio.com\/assets\/images\/professional-icons\/star.svg\" \/>\n\t\t\t\t\t\t\t\t5.0\t\t\t\t\t\t\t<\/div>\n\n\t\t\t\t\t\t\t\n\t\t\t\t<div>\n\t\t\t\t\t<div class=\"wp-tufisio-list-item-separator\"><\/div>\n\t\t\t\t<\/div>\n\t\t\t\t<div class=\"wp-tufisio-list-item-seal\">\n\t\t\t\t\t<img decoding=\"async\" src=\"https:\/\/tufisio.com\/assets\/images\/professional-icons\/premium-seal.svg\" alt=\"Premium\" \/>\n\t\t\t\t<\/div>\t\t\t\t\t\t<\/div>\n\t\t\t\t\t\t<div>\n\t\t\t\t\t\t\t<button onclick=\"jziyexYAHFxaeIJt_tufisioBooking(event, 'fisioterapeuta\/valdepenas-de-jaen\/matias-montes-espinosa')\">\n\t\t\t\t\t\t\t\t<img decoding=\"async\" src=\"https:\/\/tufisio.com\/assets\/images\/header\/calendar.svg\" alt=\"Icono\" \/>\n\t\t\t\t\t\t\t\t<span>Reservar cita<\/span>\n\t\t\t\t\t\t\t<\/button>\n\t\t\t\t\t\t<\/div>\n\t\t\t\t\t<\/div>\n\t\t\t\t<\/a>\n\t\t\t\t\t\t\t\t<a class=\"wp-tufisio-list-item\" href=\"https:\/\/tufisio.com\/fisioterapeuta\/linares\/pedro-luis-utrera-del-castillo\"\n\t\t\t\t\ttarget=\"_blank\" title=\"Pedro Luis Utrera del Castillo\">\n\t\t\t\t\t<div class=\"wp-tufisio-list-item-avatar\" style=\"background-image: url('https:\/\/tufisio.com\/assets\/images\/avatar\/default-professional-avatar.jpg')\">\n\t\t\t\t\t<\/div>\n\t\t\t\t\t<div class=\"wp-tufisio-list-item-info\">\n\t\t\t\t\t\t<div>\n\t\t\t\t\t\t\tPedro Luis Utrera del Castillo\t\t\t\t\t\t<\/div>\n\t\t\t\t\t\t\t\t\t\t\t\t<div class=\"wp-tufisio-list-item-info-line\">\n\t\t\t\t\t\t\t<div class=\"wp-tufisio-list-item-address\">\n\t\t\t\t\t\t\t\t<img decoding=\"async\" src=\"https:\/\/tufisio.com\/assets\/images\/professional-icons\/location.svg\" alt=\"Icono\" \/>\n\t\t\t\t\t\t\t\tLinares, Ja\u00e9n\t\t\t\t\t\t\t<\/div>\n\t\t\t\t\t\t\t<div>\n\t\t\t\t\t\t\t\t<div class=\"wp-tufisio-list-item-separator\"><\/div>\n\t\t\t\t\t\t\t<\/div>\n\t\t\t\t\t\t\t<div class=\"wp-tufisio-list-item-rating\">\n\t\t\t\t\t\t\t\t<img decoding=\"async\" src=\"https:\/\/tufisio.com\/assets\/images\/professional-icons\/star.svg\" \/>\n\t\t\t\t\t\t\t\t0.0\t\t\t\t\t\t\t<\/div>\n\n\t\t\t\t\t\t\t\n\t\t\t\t<div>\n\t\t\t\t\t<div class=\"wp-tufisio-list-item-separator\"><\/div>\n\t\t\t\t<\/div>\n\t\t\t\t<div class=\"wp-tufisio-list-item-seal\">\n\t\t\t\t\t<img decoding=\"async\" src=\"https:\/\/tufisio.com\/assets\/images\/professional-icons\/premium-seal.svg\" alt=\"Premium\" \/>\n\t\t\t\t<\/div>\t\t\t\t\t\t<\/div>\n\t\t\t\t\t\t<div>\n\t\t\t\t\t\t\t<button onclick=\"jziyexYAHFxaeIJt_tufisioBooking(event, 'fisioterapeuta\/linares\/pedro-luis-utrera-del-castillo')\">\n\t\t\t\t\t\t\t\t<img decoding=\"async\" src=\"https:\/\/tufisio.com\/assets\/images\/header\/calendar.svg\" alt=\"Icono\" \/>\n\t\t\t\t\t\t\t\t<span>Reservar cita<\/span>\n\t\t\t\t\t\t\t<\/button>\n\t\t\t\t\t\t<\/div>\n\t\t\t\t\t<\/div>\n\t\t\t\t<\/a>\n\t\t\t\t\t\t\t\t<a class=\"wp-tufisio-list-item\" href=\"https:\/\/tufisio.com\/fisioterapeuta\/andujar\/ana-isabel-ortega-delgado\"\n\t\t\t\t\ttarget=\"_blank\" title=\"Ana Isabel Ortega Delgado\">\n\t\t\t\t\t<div class=\"wp-tufisio-list-item-avatar\" style=\"background-image: url('https:\/\/cdn.tufisio.com\/op_1759251542088_avatar.jpeg')\">\n\t\t\t\t\t<\/div>\n\t\t\t\t\t<div class=\"wp-tufisio-list-item-info\">\n\t\t\t\t\t\t<div>\n\t\t\t\t\t\t\tAna Isabel Ortega Delgado\t\t\t\t\t\t<\/div>\n\t\t\t\t\t\t\t\t\t\t\t\t<div class=\"wp-tufisio-list-item-info-line\">\n\t\t\t\t\t\t\t<div class=\"wp-tufisio-list-item-address\">\n\t\t\t\t\t\t\t\t<img decoding=\"async\" src=\"https:\/\/tufisio.com\/assets\/images\/professional-icons\/location.svg\" alt=\"Icono\" \/>\n\t\t\t\t\t\t\t\tAnd\u00fajar, Ja\u00e9n\t\t\t\t\t\t\t<\/div>\n\t\t\t\t\t\t\t<div>\n\t\t\t\t\t\t\t\t<div class=\"wp-tufisio-list-item-separator\"><\/div>\n\t\t\t\t\t\t\t<\/div>\n\t\t\t\t\t\t\t<div class=\"wp-tufisio-list-item-rating\">\n\t\t\t\t\t\t\t\t<img decoding=\"async\" src=\"https:\/\/tufisio.com\/assets\/images\/professional-icons\/star.svg\" \/>\n\t\t\t\t\t\t\t\t0.0\t\t\t\t\t\t\t<\/div>\n\n\t\t\t\t\t\t\t\n\t\t\t\t<div>\n\t\t\t\t\t<div class=\"wp-tufisio-list-item-separator\"><\/div>\n\t\t\t\t<\/div>\n\t\t\t\t<div class=\"wp-tufisio-list-item-seal\">\n\t\t\t\t\t<img decoding=\"async\" src=\"https:\/\/tufisio.com\/assets\/images\/professional-icons\/pro-seal.svg\" alt=\"Pro\" \/>\n\t\t\t\t<\/div>\t\t\t\t\t\t<\/div>\n\t\t\t\t\t\t<div>\n\t\t\t\t\t\t\t<button onclick=\"jziyexYAHFxaeIJt_tufisioBooking(event, 'fisioterapeuta\/andujar\/ana-isabel-ortega-delgado')\">\n\t\t\t\t\t\t\t\t<img decoding=\"async\" src=\"https:\/\/tufisio.com\/assets\/images\/header\/calendar.svg\" alt=\"Icono\" \/>\n\t\t\t\t\t\t\t\t<span>Reservar cita<\/span>\n\t\t\t\t\t\t\t<\/button>\n\t\t\t\t\t\t<\/div>\n\t\t\t\t\t<\/div>\n\t\t\t\t<\/a>\n\t\t\t\t\t\t\t\t<a class=\"wp-tufisio-list-free-item\"\n\t\t\t\t\thref=\"https:\/\/tufisio.com\/fisioterapeuta\/andujar\/jose-s\" target=\"_blank\"\n\t\t\t\t\ttitle=\"Jose s\">\n\t\t\t\t\t<div class=\"wp-tufisio-list-free-item-name\">\n\t\t\t\t\t\tJose s\t\t\t\t\t<\/div>\n\t\t\t\t\t<div class=\"wp-tufisio-list-free-item-address\">\n\t\t\t\t\t\t<img decoding=\"async\" src=\"https:\/\/tufisio.com\/assets\/images\/professional-icons\/location.svg\" alt=\"Icono\" \/>\n\t\t\t\t\t\tAnd\u00fajar, Ja\u00e9n\t\t\t\t\t<\/div>\n\t\t\t\t<\/a>\n\t\t\t\t\t\t\t\t<a class=\"wp-tufisio-list-free-item\"\n\t\t\t\t\thref=\"https:\/\/tufisio.com\/clinica\/andujar\/maria\" target=\"_blank\"\n\t\t\t\t\ttitle=\"Maria\">\n\t\t\t\t\t<div class=\"wp-tufisio-list-free-item-name\">\n\t\t\t\t\t\tMaria\t\t\t\t\t<\/div>\n\t\t\t\t\t<div class=\"wp-tufisio-list-free-item-address\">\n\t\t\t\t\t\t<img decoding=\"async\" src=\"https:\/\/tufisio.com\/assets\/images\/professional-icons\/location.svg\" alt=\"Icono\" \/>\n\t\t\t\t\t\tAnd\u00fajar, Ja\u00e9n\t\t\t\t\t<\/div>\n\t\t\t\t<\/a>\n\t\t\t\t\t\t\t\t<a class=\"wp-tufisio-list-free-item\"\n\t\t\t\t\thref=\"https:\/\/tufisio.com\/fisioterapeuta\/huelma\/maria-jose-quesada-rivera\" target=\"_blank\"\n\t\t\t\t\ttitle=\"Mar\u00eda Jos\u00e9 Quesada Rivera\">\n\t\t\t\t\t<div class=\"wp-tufisio-list-free-item-name\">\n\t\t\t\t\t\tMar\u00eda Jos\u00e9 Quesada Rivera\t\t\t\t\t<\/div>\n\t\t\t\t\t<div class=\"wp-tufisio-list-free-item-address\">\n\t\t\t\t\t\t<img decoding=\"async\" src=\"https:\/\/tufisio.com\/assets\/images\/professional-icons\/location.svg\" alt=\"Icono\" \/>\n\t\t\t\t\t\tHuelma, Ja\u00e9n\t\t\t\t\t<\/div>\n\t\t\t\t<\/a>\n\t\t\t\t\t\t\t\t<a class=\"wp-tufisio-list-free-item\"\n\t\t\t\t\thref=\"https:\/\/tufisio.com\/clinica\/jaen\/fisioelite-jaen\" target=\"_blank\"\n\t\t\t\t\ttitle=\"FISIOELITE JAEN\">\n\t\t\t\t\t<div class=\"wp-tufisio-list-free-item-name\">\n\t\t\t\t\t\tFISIOELITE JAEN\t\t\t\t\t<\/div>\n\t\t\t\t\t<div class=\"wp-tufisio-list-free-item-address\">\n\t\t\t\t\t\t<img decoding=\"async\" src=\"https:\/\/tufisio.com\/assets\/images\/professional-icons\/location.svg\" alt=\"Icono\" \/>\n\t\t\t\t\t\tJa\u00e9n, Ja\u00e9n\t\t\t\t\t<\/div>\n\t\t\t\t<\/a>\n\t\t\t\t\t\t\t\t<a class=\"wp-tufisio-list-free-item\"\n\t\t\t\t\thref=\"https:\/\/tufisio.com\/fisioterapeuta\/jaen\/irene-cardenas-fernandez\" target=\"_blank\"\n\t\t\t\t\ttitle=\"Irene C\u00e1rdenas Fern\u00e1ndez\">\n\t\t\t\t\t<div class=\"wp-tufisio-list-free-item-name\">\n\t\t\t\t\t\tIrene C\u00e1rdenas Fern\u00e1ndez\t\t\t\t\t<\/div>\n\t\t\t\t\t<div class=\"wp-tufisio-list-free-item-address\">\n\t\t\t\t\t\t<img decoding=\"async\" src=\"https:\/\/tufisio.com\/assets\/images\/professional-icons\/location.svg\" alt=\"Icono\" \/>\n\t\t\t\t\t\tJa\u00e9n, Ja\u00e9n\t\t\t\t\t<\/div>\n\t\t\t\t<\/a>\n\t\t\t\t\t\t\t\t<a class=\"wp-tufisio-list-free-item\"\n\t\t\t\t\thref=\"https:\/\/tufisio.com\/clinica\/alcaudete\/jose-m-torres-fisioterapia-avanzada-y-osteopatia\" target=\"_blank\"\n\t\t\t\t\ttitle=\"Jos\u00e9 M. Torres-fisioterapia avanzada y osteopat\u00eda\">\n\t\t\t\t\t<div class=\"wp-tufisio-list-free-item-name\">\n\t\t\t\t\t\tJos\u00e9 M. Torres-fisioterapia avanzada y osteopat\u00eda\t\t\t\t\t<\/div>\n\t\t\t\t\t<div class=\"wp-tufisio-list-free-item-address\">\n\t\t\t\t\t\t<img decoding=\"async\" src=\"https:\/\/tufisio.com\/assets\/images\/professional-icons\/location.svg\" alt=\"Icono\" \/>\n\t\t\t\t\t\tAlcaudete, Ja\u00e9n\t\t\t\t\t<\/div>\n\t\t\t\t<\/a>\n\t\t\t\t\t\t\t\t<a class=\"wp-tufisio-list-free-item\"\n\t\t\t\t\thref=\"https:\/\/tufisio.com\/fisioterapeuta\/navas-de-san-juan\/maria-jesus-ibanez-gomez\" target=\"_blank\"\n\t\t\t\t\ttitle=\"Mar\u00eda Jes\u00fas Ib\u00e1\u00f1ez G\u00f3mez\">\n\t\t\t\t\t<div class=\"wp-tufisio-list-free-item-name\">\n\t\t\t\t\t\tMar\u00eda Jes\u00fas Ib\u00e1\u00f1ez G\u00f3mez\t\t\t\t\t<\/div>\n\t\t\t\t\t<div class=\"wp-tufisio-list-free-item-address\">\n\t\t\t\t\t\t<img decoding=\"async\" src=\"https:\/\/tufisio.com\/assets\/images\/professional-icons\/location.svg\" alt=\"Icono\" \/>\n\t\t\t\t\t\tNavas de San Juan, Ja\u00e9n\t\t\t\t\t<\/div>\n\t\t\t\t<\/a>\n\t\t\t\t\t\t\t\t<a class=\"wp-tufisio-list-free-item\"\n\t\t\t\t\thref=\"https:\/\/tufisio.com\/fisioterapeuta\/bailen\/angela-troyano\" target=\"_blank\"\n\t\t\t\t\ttitle=\"Angela Troyano\">\n\t\t\t\t\t<div class=\"wp-tufisio-list-free-item-name\">\n\t\t\t\t\t\tAngela Troyano\t\t\t\t\t<\/div>\n\t\t\t\t\t<div class=\"wp-tufisio-list-free-item-address\">\n\t\t\t\t\t\t<img decoding=\"async\" src=\"https:\/\/tufisio.com\/assets\/images\/professional-icons\/location.svg\" alt=\"Icono\" \/>\n\t\t\t\t\t\tBail\u00e9n, Ja\u00e9n\t\t\t\t\t<\/div>\n\t\t\t\t<\/a>\n\t\t\t\t\t\t\t\t<a class=\"wp-tufisio-list-free-item\"\n\t\t\t\t\thref=\"https:\/\/tufisio.com\/clinica\/jaen\/ruben-ojeda-fisioterapia-y-osteopatia\" target=\"_blank\"\n\t\t\t\t\ttitle=\"Ruben Ojeda Fisioterapia y Osteopatia\">\n\t\t\t\t\t<div class=\"wp-tufisio-list-free-item-name\">\n\t\t\t\t\t\tRuben Ojeda Fisioterapia y Osteopatia\t\t\t\t\t<\/div>\n\t\t\t\t\t<div class=\"wp-tufisio-list-free-item-address\">\n\t\t\t\t\t\t<img decoding=\"async\" src=\"https:\/\/tufisio.com\/assets\/images\/professional-icons\/location.svg\" alt=\"Icono\" \/>\n\t\t\t\t\t\tJa\u00e9n, Ja\u00e9n\t\t\t\t\t<\/div>\n\t\t\t\t<\/a>\n\t\t\t\t\t\t\t\t<a class=\"wp-tufisio-list-free-item\"\n\t\t\t\t\thref=\"https:\/\/tufisio.com\/fisioterapeuta\/cazorla\/amalia-bermejo-moya\" target=\"_blank\"\n\t\t\t\t\ttitle=\"amalia bermejo moya\">\n\t\t\t\t\t<div class=\"wp-tufisio-list-free-item-name\">\n\t\t\t\t\t\tamalia bermejo moya\t\t\t\t\t<\/div>\n\t\t\t\t\t<div class=\"wp-tufisio-list-free-item-address\">\n\t\t\t\t\t\t<img decoding=\"async\" src=\"https:\/\/tufisio.com\/assets\/images\/professional-icons\/location.svg\" alt=\"Icono\" \/>\n\t\t\t\t\t\tCazorla, Ja\u00e9n\t\t\t\t\t<\/div>\n\t\t\t\t<\/a>\n\t\t\t\t\t\t\t\t<a class=\"wp-tufisio-list-free-item\"\n\t\t\t\t\thref=\"https:\/\/tufisio.com\/clinica\/jaen\/fisioterapia-axon\" target=\"_blank\"\n\t\t\t\t\ttitle=\"Fisioterapia Ax\u00f3n\">\n\t\t\t\t\t<div class=\"wp-tufisio-list-free-item-name\">\n\t\t\t\t\t\tFisioterapia Ax\u00f3n\t\t\t\t\t<\/div>\n\t\t\t\t\t<div class=\"wp-tufisio-list-free-item-address\">\n\t\t\t\t\t\t<img decoding=\"async\" src=\"https:\/\/tufisio.com\/assets\/images\/professional-icons\/location.svg\" alt=\"Icono\" \/>\n\t\t\t\t\t\tJa\u00e9n, Ja\u00e9n\t\t\t\t\t<\/div>\n\t\t\t\t<\/a>\n\t\t\t\t\t\t\t\t<a class=\"wp-tufisio-list-free-item\"\n\t\t\t\t\thref=\"https:\/\/tufisio.com\/clinica\/baeza\/centro-de-fisioterapia-alcazar-rus\" target=\"_blank\"\n\t\t\t\t\ttitle=\"CENTRO DE FISIOTERAPIA ALCAZAR RUS\">\n\t\t\t\t\t<div class=\"wp-tufisio-list-free-item-name\">\n\t\t\t\t\t\tCENTRO DE FISIOTERAPIA ALCAZAR RUS\t\t\t\t\t<\/div>\n\t\t\t\t\t<div class=\"wp-tufisio-list-free-item-address\">\n\t\t\t\t\t\t<img decoding=\"async\" src=\"https:\/\/tufisio.com\/assets\/images\/professional-icons\/location.svg\" alt=\"Icono\" \/>\n\t\t\t\t\t\tBaeza, Ja\u00e9n\t\t\t\t\t<\/div>\n\t\t\t\t<\/a>\n\t\t\t\t\t\t\t\t<a class=\"wp-tufisio-list-free-item\"\n\t\t\t\t\thref=\"https:\/\/tufisio.com\/fisioterapeuta\/quesada\/ana-belen-fernandez-marin\" target=\"_blank\"\n\t\t\t\t\ttitle=\"ANA BELEN FERNANDEZ MARIN\">\n\t\t\t\t\t<div class=\"wp-tufisio-list-free-item-name\">\n\t\t\t\t\t\tANA BELEN FERNANDEZ MARIN\t\t\t\t\t<\/div>\n\t\t\t\t\t<div class=\"wp-tufisio-list-free-item-address\">\n\t\t\t\t\t\t<img decoding=\"async\" src=\"https:\/\/tufisio.com\/assets\/images\/professional-icons\/location.svg\" alt=\"Icono\" \/>\n\t\t\t\t\t\tQuesada, Ja\u00e9n\t\t\t\t\t<\/div>\n\t\t\t\t<\/a>\n\t\t\t\t\t\t\t\t<a class=\"wp-tufisio-list-free-item\"\n\t\t\t\t\thref=\"https:\/\/tufisio.com\/fisioterapeuta\/linares\/manuel-jose-ponce-castro\" target=\"_blank\"\n\t\t\t\t\ttitle=\"Manuel Jos\u00e9 Ponce Castro\">\n\t\t\t\t\t<div class=\"wp-tufisio-list-free-item-name\">\n\t\t\t\t\t\tManuel Jos\u00e9 Ponce Castro\t\t\t\t\t<\/div>\n\t\t\t\t\t<div class=\"wp-tufisio-list-free-item-address\">\n\t\t\t\t\t\t<img decoding=\"async\" src=\"https:\/\/tufisio.com\/assets\/images\/professional-icons\/location.svg\" alt=\"Icono\" \/>\n\t\t\t\t\t\tLinares, Ja\u00e9n\t\t\t\t\t<\/div>\n\t\t\t\t<\/a>\n\t\t\t\t\t\t\t\t<a class=\"wp-tufisio-list-free-item\"\n\t\t\t\t\thref=\"https:\/\/tufisio.com\/clinica\/mengibar\/fisioterapia-maite-vazquez-martin\" target=\"_blank\"\n\t\t\t\t\ttitle=\"Fisioterapia Maite V\u00e1zquez Martin\">\n\t\t\t\t\t<div class=\"wp-tufisio-list-free-item-name\">\n\t\t\t\t\t\tFisioterapia Maite V\u00e1zquez Martin\t\t\t\t\t<\/div>\n\t\t\t\t\t<div class=\"wp-tufisio-list-free-item-address\">\n\t\t\t\t\t\t<img decoding=\"async\" src=\"https:\/\/tufisio.com\/assets\/images\/professional-icons\/location.svg\" alt=\"Icono\" \/>\n\t\t\t\t\t\tMeng\u00edbar, Ja\u00e9n\t\t\t\t\t<\/div>\n\t\t\t\t<\/a>\n\t\t\t\t\t\t\t\t<\/div>\n\t\t\t\t<div id=\"wp-tufisio-pagination-jziyexYAHFxaeIJt\" class=\"wp-tufisio-pagination\">\n\t\t\t\t\t\n\t\t<button disabled class=\" wp-tufisio-pagination-number\"\n\t\t\tonclick=\"jziyexYAHFxaeIJt_tufisioListChangePage(0)\">\n\t\t\t<img decoding=\"async\" src=\"https:\/\/tufisio.com\/directorio\/wp-content\/plugins\/wp-tufisio-list\/assets\/navigation-first.svg\" alt=\"Primero\" \/>\n\t\t<\/button>\n\n\t\t<button disabled class=\" wp-tufisio-pagination-number\"\n\t\t\tonclick=\"jziyexYAHFxaeIJt_tufisioListChangePage(-1)\">\n\t\t\t<img decoding=\"async\" src=\"https:\/\/tufisio.com\/directorio\/wp-content\/plugins\/wp-tufisio-list\/assets\/navigation-prev.svg\" alt=\"Anterior\" \/>\n\t\t<\/button>\n\n\t\t\t\t\t<button class=\"wp-tufisio-pagination-number wp-tufisio-pagination-number-active\" onclick=\"jziyexYAHFxaeIJt_tufisioListChangePage(0)\">\n\t\t\t\t<span>\n\t\t\t\t\t1\t\t\t\t<\/span>\n\t\t\t<\/button>\n\t\t\t\t\t<button class=\"wp-tufisio-pagination-number\" onclick=\"jziyexYAHFxaeIJt_tufisioListChangePage(1)\">\n\t\t\t\t<span>\n\t\t\t\t\t2\t\t\t\t<\/span>\n\t\t\t<\/button>\n\t\t\n\t\t<button  class=\"wp-tufisio-pagination-number\"\n\t\t\tonclick=\"jziyexYAHFxaeIJt_tufisioListChangePage(1)\">\n\t\t\t<img decoding=\"async\" src=\"https:\/\/tufisio.com\/directorio\/wp-content\/plugins\/wp-tufisio-list\/assets\/navigation-next.svg\" alt=\"Siguiente\" \/>\n\t\t<\/button>\n\n\t\t<button  class=\"wp-tufisio-pagination-number\"\n\t\t\tonclick=\"jziyexYAHFxaeIJt_tufisioListChangePage(1)\">\n\t\t\t<img decoding=\"async\" src=\"https:\/\/tufisio.com\/directorio\/wp-content\/plugins\/wp-tufisio-list\/assets\/navigation-last.svg\" alt=\"\u00daltimo\" \/>\n\t\t<\/button>\n\n\t\t\t\t\t\t<\/div>\n\t\t\t<\/div>\n\n\t\t\t<script>\n\t\t\t\tfunction jziyexYAHFxaeIJt_tufisioBooking(event, url = '') {\n\t\t\t\t\tevent.preventDefault();\n\t\t\t\t\twindow.open('https:\/\/tufisio.com\/' + url + '?open=booking');\n\t\t\t\t}\n\n\t\t\t\tasync function jziyexYAHFxaeIJt_tufisioListChangePage(page = 0) {\n\t\t\t\t\tvar paginationElementId = 'wp-tufisio-items-jziyexYAHFxaeIJt';\n\t\t\t\t\tvar chunks = [[4437,4383,4228,4088,4521,2947,2666,1003,4433,3695,3884,3766,3009,3140,4493,3507,3447,2940,3656],[2960,3294,1248,1009,3510,3455,1006,1008,1002,1010,1958]];\n\t\t\t\t\tvar params = chunks[page] ? chunks[page].map(chunkItem => 'ids[]=' + chunkItem) : [];\n\t\t\t\t\tparams.push('current_page=' + page, 'total_pages=' + chunks.length, 'hash=jziyexYAHFxaeIJt');\n\t\t\t\t\tdocument.getElementsByTagName('body')[0].scrollIntoView();\n\t\t\t\t\tdocument.getElementById('wp-tufisio-items-jziyexYAHFxaeIJt').innerHTML = 'Cargando...';\n\t\t\t\t\tdocument.getElementById('wp-tufisio-pagination-jziyexYAHFxaeIJt').innerHTML = '';\n\t\t\t\t\tvar res = await fetch('https:\/\/tufisio.com\/directorio\/wp-json\/wp-tufisio-list\/v1\/cards?' + params.join('&')).then(res => res.json()).catch(() => ({ cards: '' }));\n\t\t\t\t\tdocument.getElementById('wp-tufisio-items-jziyexYAHFxaeIJt').innerHTML = res.cards;\n\t\t\t\t\tdocument.getElementById('wp-tufisio-pagination-jziyexYAHFxaeIJt').innerHTML = res.pagination;\n\t\t\t\t}\n\t\t\t<\/script>\n\t\t\t\n\n\n<div style=\"color:#ddd\" class=\"wp-block-genesis-blocks-gb-spacer gb-block-spacer gb-divider-solid gb-divider-size-1\"><hr style=\"height:30px\"\/><\/div>\n<\/div><\/div>\n\n\n\n<div class=\"wp-block-genesis-blocks-gb-column gb-block-layout-column\"><div class=\"gb-block-layout-column-inner\">\n<figure class=\"wp-block-gallery aligncenter has-nested-images columns-default is-cropped wp-block-gallery-1 is-layout-flex wp-block-gallery-is-layout-flex\">\n<figure class=\"wp-block-image size-large\"><a href=\"https:\/\/tufisio.com\/buscar?lat=37.7795941&amp;lng=-3.784905699999999&amp;northBoundLat=37.829302831781135&amp;westBoundLng=-3.857002137214863&amp;southBoundLat=37.729851918091825&amp;eastBoundLng=-3.7128092627834803&amp;zoom=12&amp;orderBy=DISTANCE&amp;autoReload=true&amp;atHomeAccepted=false\"><img loading=\"lazy\" decoding=\"async\" width=\"546\" height=\"1024\" data-id=\"1253\" src=\"https:\/\/tufisio.com\/directorio\/wp-content\/uploads\/2024\/05\/Diseno-sin-titulo-49-546x1024.png\" alt=\"\" class=\"wp-image-1253\" srcset=\"https:\/\/tufisio.com\/directorio\/wp-content\/uploads\/2024\/05\/Diseno-sin-titulo-49-546x1024.png 546w, https:\/\/tufisio.com\/directorio\/wp-content\/uploads\/2024\/05\/Diseno-sin-titulo-49-160x300.png 160w, https:\/\/tufisio.com\/directorio\/wp-content\/uploads\/2024\/05\/Diseno-sin-titulo-49-768x1440.png 768w, https:\/\/tufisio.com\/directorio\/wp-content\/uploads\/2024\/05\/Diseno-sin-titulo-49-819x1536.png 819w, https:\/\/tufisio.com\/directorio\/wp-content\/uploads\/2024\/05\/Diseno-sin-titulo-49-1092x2048.png 1092w\" sizes=\"auto, (max-width: 546px) 100vw, 546px\" \/><\/a><\/figure>\n<\/figure>\n<\/div><\/div>\n<\/div><\/div>\n\n\n\n<div style=\"color:#ddd\" class=\"wp-block-genesis-blocks-gb-spacer gb-block-spacer gb-divider-solid gb-divider-size-1\"><hr style=\"height:30px\"\/><\/div>\n\n\n\n<div class=\"wp-block-genesis-blocks-gb-columns gb-layout-columns-1 gb-1-col-equal gb-has-custom-background-color alignfull\" style=\"padding-right:30px;padding-left:30px;background-color:#f4f1ed\"><div class=\"gb-layout-column-wrap gb-block-layout-column-gap-2 gb-is-responsive-column\">\n<div class=\"wp-block-genesis-blocks-gb-column gb-block-layout-column\"><div class=\"gb-block-layout-column-inner\">\n<div class=\"wp-block-columns alignwide is-layout-flex wp-container-core-columns-is-layout-9d6595d7 wp-block-columns-is-layout-flex\">\n<div class=\"wp-block-column is-layout-flow wp-block-column-is-layout-flow\">\n<div style=\"color:#ddd\" class=\"wp-block-genesis-blocks-gb-spacer gb-block-spacer gb-divider-solid gb-divider-size-1\"><hr style=\"height:30px\"\/><\/div>\n\n\n\n<h2 class=\"wp-block-heading alignwide has-text-align-left\">Preguntas frecuentes<\/h2>\n\n\n\n<p><\/p>\n\n\n\n<div style=\"color:#ddd\" class=\"wp-block-genesis-blocks-gb-spacer gb-block-spacer gb-divider-solid gb-divider-size-1\"><hr style=\"height:30px\"\/><\/div>\n<\/div>\n<\/div>\n\n\n\n<div class=\"wp-block-columns alignwide is-layout-flex wp-container-core-columns-is-layout-9d6595d7 wp-block-columns-is-layout-flex\">\n<div class=\"wp-block-column is-layout-flow wp-block-column-is-layout-flow\">\n<div class=\"wp-block-genesis-blocks-gb-accordion gb-font-size-18 gb-block-accordion\"><details><summary class=\"gb-accordion-title\">\u00bfC\u00f3mo elegir un fisioterapeuta en Ja\u00e9n?<\/summary><div class=\"gb-accordion-text\">\n<p><\/p>\n<\/div><\/details><\/div>\n<\/div>\n\n\n\n<div class=\"wp-block-column is-layout-flow wp-block-column-is-layout-flow\">\n<div class=\"wp-block-genesis-blocks-gb-accordion gb-font-size-18 gb-block-accordion\"><details><summary class=\"gb-accordion-title\">\u00bfQu\u00e9 debes tener en cuenta para elegir un fisioterapeuta en Ja\u00e9n?<\/summary><div class=\"gb-accordion-text\">\n<p><\/p>\n<\/div><\/details><\/div>\n<\/div>\n<\/div>\n<\/div><\/div>\n<\/div><\/div>\n","protected":false},"excerpt":{"rendered":"","protected":false},"author":1,"featured_media":0,"parent":0,"menu_order":0,"comment_status":"closed","ping_status":"closed","template":"","meta":{"inline_featured_image":false,"_genesis_hide_title":true,"_genesis_hide_breadcrumbs":true,"_genesis_hide_singular_image":true,"_genesis_hide_footer_widgets":false,"_genesis_custom_body_class":"","_genesis_custom_post_class":"","_genesis_layout":"full-width-content","footnotes":""},"class_list":{"0":"post-1252","1":"page","2":"type-page","3":"status-publish","5":"entry"},"featured_image_src":null,"featured_image_src_square":null,"_links":{"self":[{"href":"https:\/\/tufisio.com\/directorio\/wp-json\/wp\/v2\/pages\/1252","targetHints":{"allow":["GET"]}}],"collection":[{"href":"https:\/\/tufisio.com\/directorio\/wp-json\/wp\/v2\/pages"}],"about":[{"href":"https:\/\/tufisio.com\/directorio\/wp-json\/wp\/v2\/types\/page"}],"author":[{"embeddable":true,"href":"https:\/\/tufisio.com\/directorio\/wp-json\/wp\/v2\/users\/1"}],"replies":[{"embeddable":true,"href":"https:\/\/tufisio.com\/directorio\/wp-json\/wp\/v2\/comments?post=1252"}],"version-history":[{"count":3,"href":"https:\/\/tufisio.com\/directorio\/wp-json\/wp\/v2\/pages\/1252\/revisions"}],"predecessor-version":[{"id":2021,"href":"https:\/\/tufisio.com\/directorio\/wp-json\/wp\/v2\/pages\/1252\/revisions\/2021"}],"wp:attachment":[{"href":"https:\/\/tufisio.com\/directorio\/wp-json\/wp\/v2\/media?parent=1252"}],"curies":[{"name":"wp","href":"https:\/\/api.w.org\/{rel}","templated":true}]}}