{"id":1570,"date":"2024-06-03T16:10:41","date_gmt":"2024-06-03T14:10:41","guid":{"rendered":"https:\/\/tufisio.com\/directorio\/?page_id=1570"},"modified":"2024-06-03T16:12:26","modified_gmt":"2024-06-03T14:12:26","slug":"los-mejores-fisioterapeutas-en-a-coruna","status":"publish","type":"page","link":"https:\/\/tufisio.com\/directorio\/los-mejores-fisioterapeutas-en-a-coruna\/","title":{"rendered":"Los mejores fisioterapeutas en A Coru\u00f1a"},"content":{"rendered":"\n<div style=\"color:#ddd\" class=\"wp-block-genesis-blocks-gb-spacer gb-block-spacer gb-divider-solid gb-divider-size-1\"><hr style=\"height:30px\"\/><\/div>\n\n\n\n<div class=\"wp-block-genesis-blocks-gb-columns gb-layout-columns-1 gb-1-col-equal alignwide\"><div class=\"gb-layout-column-wrap gb-block-layout-column-gap-4 gb-is-responsive-column\">\n<div class=\"wp-block-genesis-blocks-gb-column gb-block-layout-column gb-is-vertically-aligned-top\"><div class=\"gb-block-layout-column-inner\">\n<h1 class=\"wp-block-heading\">Los mejores fisioterapeutas en A Coru\u00f1a<\/h1>\n\n\n\n<p>Recupera tu bienestar f\u00edsico con el mejor fisioterapeuta en A Coru\u00f1a. Encuentra al experto que te ayudar\u00e1 a aliviar tus dolencias y mejorar tu movilidad.<\/p>\n\n\n\n<h2 class=\"wp-block-heading\">Fisioterapeutas en A Coru\u00f1a<\/h2>\n<\/div><\/div>\n<\/div><\/div>\n\n\n\n<div class=\"wp-block-genesis-blocks-gb-columns gb-layout-columns-2 gb-2-col-wideleft alignwide\" style=\"margin-top:15px\"><div class=\"gb-layout-column-wrap gb-block-layout-column-gap-4 gb-is-responsive-column\">\n<div class=\"wp-block-genesis-blocks-gb-column gb-block-layout-column gb-is-vertically-aligned-top\"><div class=\"gb-block-layout-column-inner\">\n\t\t\t<div class=\"wp-tufisio-list-frontend\">\n\t\t\t\t<div id=\"wp-tufisio-items-onhjBaKYgYNgiygW\" class=\"wp-tufisio-items\">\n\t\t\t\t\t\t\t\t\t<a class=\"wp-tufisio-list-free-item\"\n\t\t\t\t\thref=\"https:\/\/tufisio.com\/fisioterapeuta\/a-coruna\/marga-rodriguez-gago\" target=\"_blank\"\n\t\t\t\t\ttitle=\"Marga Rodr\u00edguez Gago\">\n\t\t\t\t\t<div class=\"wp-tufisio-list-free-item-name\">\n\t\t\t\t\t\tMarga Rodr\u00edguez Gago\t\t\t\t\t<\/div>\n\t\t\t\t\t<div class=\"wp-tufisio-list-free-item-address\">\n\t\t\t\t\t\t<img decoding=\"async\" src=\"https:\/\/tufisio.com\/assets\/images\/professional-icons\/location.svg\" alt=\"Icono\" \/>\n\t\t\t\t\t\tA Coru\u00f1a, A Coru\u00f1a\t\t\t\t\t<\/div>\n\t\t\t\t<\/a>\n\t\t\t\t\t\t\t\t<a class=\"wp-tufisio-list-free-item\"\n\t\t\t\t\thref=\"https:\/\/tufisio.com\/clinica\/a-coruna\/akhesis-fisioterapia\" target=\"_blank\"\n\t\t\t\t\ttitle=\"AKHESIS FISIOTERAPIA\">\n\t\t\t\t\t<div class=\"wp-tufisio-list-free-item-name\">\n\t\t\t\t\t\tAKHESIS FISIOTERAPIA\t\t\t\t\t<\/div>\n\t\t\t\t\t<div class=\"wp-tufisio-list-free-item-address\">\n\t\t\t\t\t\t<img decoding=\"async\" src=\"https:\/\/tufisio.com\/assets\/images\/professional-icons\/location.svg\" alt=\"Icono\" \/>\n\t\t\t\t\t\tA Coru\u00f1a, A Coru\u00f1a\t\t\t\t\t<\/div>\n\t\t\t\t<\/a>\n\t\t\t\t\t\t\t\t<a class=\"wp-tufisio-list-free-item\"\n\t\t\t\t\thref=\"https:\/\/tufisio.com\/clinica\/porto-do-barqueiro\/centro-de-fisioterapia-medfis\" target=\"_blank\"\n\t\t\t\t\ttitle=\"CENTRO DE FISIOTERAPIA MEDFIS\">\n\t\t\t\t\t<div class=\"wp-tufisio-list-free-item-name\">\n\t\t\t\t\t\tCENTRO DE FISIOTERAPIA MEDFIS\t\t\t\t\t<\/div>\n\t\t\t\t\t<div class=\"wp-tufisio-list-free-item-address\">\n\t\t\t\t\t\t<img decoding=\"async\" src=\"https:\/\/tufisio.com\/assets\/images\/professional-icons\/location.svg\" alt=\"Icono\" \/>\n\t\t\t\t\t\tPorto do Barqueiro, A Coru\u00f1a\t\t\t\t\t<\/div>\n\t\t\t\t<\/a>\n\t\t\t\t\t\t\t\t<a class=\"wp-tufisio-list-free-item\"\n\t\t\t\t\thref=\"https:\/\/tufisio.com\/clinica\/a-coruna\/rasgos---rg-fisioestetica\" target=\"_blank\"\n\t\t\t\t\ttitle=\"RASGOS - RG FISIOEST\u00c9TICA\">\n\t\t\t\t\t<div class=\"wp-tufisio-list-free-item-name\">\n\t\t\t\t\t\tRASGOS &#8211; RG FISIOEST\u00c9TICA\t\t\t\t\t<\/div>\n\t\t\t\t\t<div class=\"wp-tufisio-list-free-item-address\">\n\t\t\t\t\t\t<img decoding=\"async\" src=\"https:\/\/tufisio.com\/assets\/images\/professional-icons\/location.svg\" alt=\"Icono\" \/>\n\t\t\t\t\t\tA Coru\u00f1a, A Coru\u00f1a\t\t\t\t\t<\/div>\n\t\t\t\t<\/a>\n\t\t\t\t\t\t\t\t<a class=\"wp-tufisio-list-free-item\"\n\t\t\t\t\thref=\"https:\/\/tufisio.com\/clinica\/a-coruna\/jose-tomas-fisioterapia\" target=\"_blank\"\n\t\t\t\t\ttitle=\"Jose Tom\u00e1s Fisioterapia\">\n\t\t\t\t\t<div class=\"wp-tufisio-list-free-item-name\">\n\t\t\t\t\t\tJose Tom\u00e1s Fisioterapia\t\t\t\t\t<\/div>\n\t\t\t\t\t<div class=\"wp-tufisio-list-free-item-address\">\n\t\t\t\t\t\t<img decoding=\"async\" src=\"https:\/\/tufisio.com\/assets\/images\/professional-icons\/location.svg\" alt=\"Icono\" \/>\n\t\t\t\t\t\tA Coru\u00f1a, A Coru\u00f1a\t\t\t\t\t<\/div>\n\t\t\t\t<\/a>\n\t\t\t\t\t\t\t\t<a class=\"wp-tufisio-list-free-item\"\n\t\t\t\t\thref=\"https:\/\/tufisio.com\/clinica\/arteixo\/arca\" target=\"_blank\"\n\t\t\t\t\ttitle=\"ARCA\">\n\t\t\t\t\t<div class=\"wp-tufisio-list-free-item-name\">\n\t\t\t\t\t\tARCA\t\t\t\t\t<\/div>\n\t\t\t\t\t<div class=\"wp-tufisio-list-free-item-address\">\n\t\t\t\t\t\t<img decoding=\"async\" src=\"https:\/\/tufisio.com\/assets\/images\/professional-icons\/location.svg\" alt=\"Icono\" \/>\n\t\t\t\t\t\tArteixo, A Coru\u00f1a\t\t\t\t\t<\/div>\n\t\t\t\t<\/a>\n\t\t\t\t\t\t\t\t<a class=\"wp-tufisio-list-free-item\"\n\t\t\t\t\thref=\"https:\/\/tufisio.com\/clinica\/arteixo\/sinerxia-fisioterapia\" target=\"_blank\"\n\t\t\t\t\ttitle=\"Sinerx\u00eda Fisioterapia\">\n\t\t\t\t\t<div class=\"wp-tufisio-list-free-item-name\">\n\t\t\t\t\t\tSinerx\u00eda Fisioterapia\t\t\t\t\t<\/div>\n\t\t\t\t\t<div class=\"wp-tufisio-list-free-item-address\">\n\t\t\t\t\t\t<img decoding=\"async\" src=\"https:\/\/tufisio.com\/assets\/images\/professional-icons\/location.svg\" alt=\"Icono\" \/>\n\t\t\t\t\t\tArteixo, A Coru\u00f1a\t\t\t\t\t<\/div>\n\t\t\t\t<\/a>\n\t\t\t\t\t\t\t\t<a class=\"wp-tufisio-list-free-item\"\n\t\t\t\t\thref=\"https:\/\/tufisio.com\/clinica\/a-coruna\/fisiosaude\" target=\"_blank\"\n\t\t\t\t\ttitle=\"\">\n\t\t\t\t\t<div class=\"wp-tufisio-list-free-item-name\">\n\t\t\t\t\t\t\t\t\t\t\t<\/div>\n\t\t\t\t\t<div class=\"wp-tufisio-list-free-item-address\">\n\t\t\t\t\t\t<img decoding=\"async\" src=\"https:\/\/tufisio.com\/assets\/images\/professional-icons\/location.svg\" alt=\"Icono\" \/>\n\t\t\t\t\t\tA Coru\u00f1a, A Coru\u00f1a\t\t\t\t\t<\/div>\n\t\t\t\t<\/a>\n\t\t\t\t\t\t\t\t<a class=\"wp-tufisio-list-free-item\"\n\t\t\t\t\thref=\"https:\/\/tufisio.com\/clinica\/a-coruna\/fisclinique-fisioterapia\" target=\"_blank\"\n\t\t\t\t\ttitle=\"FISCLINIQUE FISIOTERAPIA\">\n\t\t\t\t\t<div class=\"wp-tufisio-list-free-item-name\">\n\t\t\t\t\t\tFISCLINIQUE FISIOTERAPIA\t\t\t\t\t<\/div>\n\t\t\t\t\t<div class=\"wp-tufisio-list-free-item-address\">\n\t\t\t\t\t\t<img decoding=\"async\" src=\"https:\/\/tufisio.com\/assets\/images\/professional-icons\/location.svg\" alt=\"Icono\" \/>\n\t\t\t\t\t\tA Coru\u00f1a, A Coru\u00f1a\t\t\t\t\t<\/div>\n\t\t\t\t<\/a>\n\t\t\t\t\t\t\t\t<a class=\"wp-tufisio-list-free-item\"\n\t\t\t\t\thref=\"https:\/\/tufisio.com\/fisioterapeuta\/arteixo\/alejandro-cuervo\" target=\"_blank\"\n\t\t\t\t\ttitle=\"Alejandro Cuervo\">\n\t\t\t\t\t<div class=\"wp-tufisio-list-free-item-name\">\n\t\t\t\t\t\tAlejandro Cuervo\t\t\t\t\t<\/div>\n\t\t\t\t\t<div class=\"wp-tufisio-list-free-item-address\">\n\t\t\t\t\t\t<img decoding=\"async\" src=\"https:\/\/tufisio.com\/assets\/images\/professional-icons\/location.svg\" alt=\"Icono\" \/>\n\t\t\t\t\t\tArteixo, A Coru\u00f1a\t\t\t\t\t<\/div>\n\t\t\t\t<\/a>\n\t\t\t\t\t\t\t\t<a class=\"wp-tufisio-list-free-item\"\n\t\t\t\t\thref=\"https:\/\/tufisio.com\/fisioterapeuta\/a-coruna\/marcos-lopez-rodriguez\" target=\"_blank\"\n\t\t\t\t\ttitle=\"Marcos L\u00f3pez Rodr\u00edguez\">\n\t\t\t\t\t<div class=\"wp-tufisio-list-free-item-name\">\n\t\t\t\t\t\tMarcos L\u00f3pez Rodr\u00edguez\t\t\t\t\t<\/div>\n\t\t\t\t\t<div class=\"wp-tufisio-list-free-item-address\">\n\t\t\t\t\t\t<img decoding=\"async\" src=\"https:\/\/tufisio.com\/assets\/images\/professional-icons\/location.svg\" alt=\"Icono\" \/>\n\t\t\t\t\t\tA Coru\u00f1a, A Coru\u00f1a\t\t\t\t\t<\/div>\n\t\t\t\t<\/a>\n\t\t\t\t\t\t\t\t<a class=\"wp-tufisio-list-free-item\"\n\t\t\t\t\thref=\"https:\/\/tufisio.com\/fisioterapeuta\/a-coruna\/asclepia-fisioterapeutas\" target=\"_blank\"\n\t\t\t\t\ttitle=\"ASCLEPIA Fisioterapeutas\">\n\t\t\t\t\t<div class=\"wp-tufisio-list-free-item-name\">\n\t\t\t\t\t\tASCLEPIA Fisioterapeutas\t\t\t\t\t<\/div>\n\t\t\t\t\t<div class=\"wp-tufisio-list-free-item-address\">\n\t\t\t\t\t\t<img decoding=\"async\" src=\"https:\/\/tufisio.com\/assets\/images\/professional-icons\/location.svg\" alt=\"Icono\" \/>\n\t\t\t\t\t\tA Coru\u00f1a, A Coru\u00f1a\t\t\t\t\t<\/div>\n\t\t\t\t<\/a>\n\t\t\t\t\t\t\t\t<a class=\"wp-tufisio-list-free-item\"\n\t\t\t\t\thref=\"https:\/\/tufisio.com\/clinica\/a-coruna\/centro-de-fisioterapia-marineda\" target=\"_blank\"\n\t\t\t\t\ttitle=\"CENTRO DE FISIOTERAPIA MARINEDA\">\n\t\t\t\t\t<div class=\"wp-tufisio-list-free-item-name\">\n\t\t\t\t\t\tCENTRO DE FISIOTERAPIA MARINEDA\t\t\t\t\t<\/div>\n\t\t\t\t\t<div class=\"wp-tufisio-list-free-item-address\">\n\t\t\t\t\t\t<img decoding=\"async\" src=\"https:\/\/tufisio.com\/assets\/images\/professional-icons\/location.svg\" alt=\"Icono\" \/>\n\t\t\t\t\t\tA Coru\u00f1a, A Coru\u00f1a\t\t\t\t\t<\/div>\n\t\t\t\t<\/a>\n\t\t\t\t\t\t\t\t<\/div>\n\t\t\t\t<div id=\"wp-tufisio-pagination-onhjBaKYgYNgiygW\" class=\"wp-tufisio-pagination\">\n\t\t\t\t\t\n\t\t<button disabled class=\" wp-tufisio-pagination-number\"\n\t\t\tonclick=\"onhjBaKYgYNgiygW_tufisioListChangePage(0)\">\n\t\t\t<img decoding=\"async\" src=\"https:\/\/tufisio.com\/directorio\/wp-content\/plugins\/wp-tufisio-list\/assets\/navigation-first.svg\" alt=\"Primero\" \/>\n\t\t<\/button>\n\n\t\t<button disabled class=\" wp-tufisio-pagination-number\"\n\t\t\tonclick=\"onhjBaKYgYNgiygW_tufisioListChangePage(-1)\">\n\t\t\t<img decoding=\"async\" src=\"https:\/\/tufisio.com\/directorio\/wp-content\/plugins\/wp-tufisio-list\/assets\/navigation-prev.svg\" alt=\"Anterior\" \/>\n\t\t<\/button>\n\n\t\t\t\t\t<button class=\"wp-tufisio-pagination-number wp-tufisio-pagination-number-active\" onclick=\"onhjBaKYgYNgiygW_tufisioListChangePage(0)\">\n\t\t\t\t<span>\n\t\t\t\t\t1\t\t\t\t<\/span>\n\t\t\t<\/button>\n\t\t\n\t\t<button disabled class=\"wp-tufisio-pagination-number\"\n\t\t\tonclick=\"onhjBaKYgYNgiygW_tufisioListChangePage(1)\">\n\t\t\t<img decoding=\"async\" src=\"https:\/\/tufisio.com\/directorio\/wp-content\/plugins\/wp-tufisio-list\/assets\/navigation-next.svg\" alt=\"Siguiente\" \/>\n\t\t<\/button>\n\n\t\t<button disabled class=\"wp-tufisio-pagination-number\"\n\t\t\tonclick=\"onhjBaKYgYNgiygW_tufisioListChangePage(0)\">\n\t\t\t<img decoding=\"async\" src=\"https:\/\/tufisio.com\/directorio\/wp-content\/plugins\/wp-tufisio-list\/assets\/navigation-last.svg\" alt=\"\u00daltimo\" \/>\n\t\t<\/button>\n\n\t\t\t\t\t\t<\/div>\n\t\t\t<\/div>\n\n\t\t\t<script>\n\t\t\t\tfunction onhjBaKYgYNgiygW_tufisioBooking(event, url = '') {\n\t\t\t\t\tevent.preventDefault();\n\t\t\t\t\twindow.open('https:\/\/tufisio.com\/' + url + '?open=booking');\n\t\t\t\t}\n\n\t\t\t\tasync function onhjBaKYgYNgiygW_tufisioListChangePage(page = 0) {\n\t\t\t\t\tvar paginationElementId = 'wp-tufisio-items-onhjBaKYgYNgiygW';\n\t\t\t\t\tvar chunks = [[1817,821,1166,1163,1964,1167,721,1164,1165,822,619,465,1161]];\n\t\t\t\t\tvar params = chunks[page] ? chunks[page].map(chunkItem => 'ids[]=' + chunkItem) : [];\n\t\t\t\t\tparams.push('current_page=' + page, 'total_pages=' + chunks.length, 'hash=onhjBaKYgYNgiygW');\n\t\t\t\t\tdocument.getElementsByTagName('body')[0].scrollIntoView();\n\t\t\t\t\tdocument.getElementById('wp-tufisio-items-onhjBaKYgYNgiygW').innerHTML = 'Cargando...';\n\t\t\t\t\tdocument.getElementById('wp-tufisio-pagination-onhjBaKYgYNgiygW').innerHTML = '';\n\t\t\t\t\tvar res = await fetch('https:\/\/tufisio.com\/directorio\/wp-json\/wp-tufisio-list\/v1\/cards?' + params.join('&')).then(res => res.json()).catch(() => ({ cards: '' }));\n\t\t\t\t\tdocument.getElementById('wp-tufisio-items-onhjBaKYgYNgiygW').innerHTML = res.cards;\n\t\t\t\t\tdocument.getElementById('wp-tufisio-pagination-onhjBaKYgYNgiygW').innerHTML = res.pagination;\n\t\t\t\t}\n\t\t\t<\/script>\n\t\t\t\n\n\n<div style=\"color:#ddd\" class=\"wp-block-genesis-blocks-gb-spacer gb-block-spacer gb-divider-solid gb-divider-size-1\"><hr style=\"height:30px\"\/><\/div>\n<\/div><\/div>\n\n\n\n<div class=\"wp-block-genesis-blocks-gb-column gb-block-layout-column\"><div class=\"gb-block-layout-column-inner\">\n<figure class=\"wp-block-gallery aligncenter has-nested-images columns-default is-cropped wp-block-gallery-1 is-layout-flex wp-block-gallery-is-layout-flex\">\n<figure class=\"wp-block-image size-large\"><a href=\"https:\/\/tufisio.com\/buscar?lat=43.3623436&amp;lng=-8.4115401&amp;northBoundLat=43.375909441523675&amp;westBoundLng=-8.440137782208012&amp;southBoundLat=43.348774724388164&amp;eastBoundLng=-8.382942417793629&amp;zoom=14.55644900131113&amp;orderBy=DISTANCE&amp;autoReload=true&amp;atHomeAccepted=false\"><img loading=\"lazy\" decoding=\"async\" width=\"546\" height=\"1024\" data-id=\"461\" src=\"https:\/\/tufisio.com\/directorio\/wp-content\/uploads\/2023\/11\/Huelva-1-546x1024.png\" alt=\"\" class=\"wp-image-461\" srcset=\"https:\/\/tufisio.com\/directorio\/wp-content\/uploads\/2023\/11\/Huelva-1-546x1024.png 546w, https:\/\/tufisio.com\/directorio\/wp-content\/uploads\/2023\/11\/Huelva-1-160x300.png 160w, https:\/\/tufisio.com\/directorio\/wp-content\/uploads\/2023\/11\/Huelva-1-768x1440.png 768w, https:\/\/tufisio.com\/directorio\/wp-content\/uploads\/2023\/11\/Huelva-1-819x1536.png 819w, https:\/\/tufisio.com\/directorio\/wp-content\/uploads\/2023\/11\/Huelva-1.png 1024w\" sizes=\"auto, (max-width: 546px) 100vw, 546px\" \/><\/a><\/figure>\n<\/figure>\n<\/div><\/div>\n<\/div><\/div>\n\n\n\n<div style=\"color:#ddd\" class=\"wp-block-genesis-blocks-gb-spacer gb-block-spacer gb-divider-solid gb-divider-size-1\"><hr style=\"height:30px\"\/><\/div>\n\n\n\n<div class=\"wp-block-genesis-blocks-gb-columns gb-layout-columns-1 gb-1-col-equal gb-has-custom-background-color alignfull\" style=\"padding-right:30px;padding-left:30px;background-color:#f4f1ed\"><div class=\"gb-layout-column-wrap gb-block-layout-column-gap-2 gb-is-responsive-column\">\n<div class=\"wp-block-genesis-blocks-gb-column gb-block-layout-column\"><div class=\"gb-block-layout-column-inner\">\n<div class=\"wp-block-columns alignwide is-layout-flex wp-container-core-columns-is-layout-9d6595d7 wp-block-columns-is-layout-flex\">\n<div class=\"wp-block-column is-layout-flow wp-block-column-is-layout-flow\">\n<div style=\"color:#ddd\" class=\"wp-block-genesis-blocks-gb-spacer gb-block-spacer gb-divider-solid gb-divider-size-1\"><hr style=\"height:30px\"\/><\/div>\n\n\n\n<h2 class=\"wp-block-heading alignwide has-text-align-left\">Preguntas frecuentes<\/h2>\n\n\n\n<p><\/p>\n\n\n\n<div style=\"color:#ddd\" class=\"wp-block-genesis-blocks-gb-spacer gb-block-spacer gb-divider-solid gb-divider-size-1\"><hr style=\"height:30px\"\/><\/div>\n<\/div>\n<\/div>\n\n\n\n<div class=\"wp-block-columns alignwide is-layout-flex wp-container-core-columns-is-layout-9d6595d7 wp-block-columns-is-layout-flex\">\n<div class=\"wp-block-column is-layout-flow wp-block-column-is-layout-flow\">\n<div class=\"wp-block-genesis-blocks-gb-accordion gb-font-size-18 gb-block-accordion\"><details><summary class=\"gb-accordion-title\">\u00bfC\u00f3mo elegir un fisioterapeuta en A Coru\u00f1a<\/summary><div class=\"gb-accordion-text\">\n<p><\/p>\n<\/div><\/details><\/div>\n<\/div>\n\n\n\n<div class=\"wp-block-column is-layout-flow wp-block-column-is-layout-flow\">\n<div class=\"wp-block-genesis-blocks-gb-accordion gb-font-size-18 gb-block-accordion\"><details><summary class=\"gb-accordion-title\">\u00bfQu\u00e9 debes tener en cuenta para elegir un fisioterapeuta en A Coru\u00f1a?<\/summary><div class=\"gb-accordion-text\">\n<p><\/p>\n<\/div><\/details><\/div>\n<\/div>\n<\/div>\n<\/div><\/div>\n<\/div><\/div>\n","protected":false},"excerpt":{"rendered":"","protected":false},"author":1,"featured_media":0,"parent":0,"menu_order":0,"comment_status":"closed","ping_status":"closed","template":"","meta":{"inline_featured_image":false,"_genesis_hide_title":true,"_genesis_hide_breadcrumbs":true,"_genesis_hide_singular_image":true,"_genesis_hide_footer_widgets":false,"_genesis_custom_body_class":"","_genesis_custom_post_class":"","_genesis_layout":"full-width-content","footnotes":""},"class_list":{"0":"post-1570","1":"page","2":"type-page","3":"status-publish","5":"entry"},"featured_image_src":null,"featured_image_src_square":null,"_links":{"self":[{"href":"https:\/\/tufisio.com\/directorio\/wp-json\/wp\/v2\/pages\/1570","targetHints":{"allow":["GET"]}}],"collection":[{"href":"https:\/\/tufisio.com\/directorio\/wp-json\/wp\/v2\/pages"}],"about":[{"href":"https:\/\/tufisio.com\/directorio\/wp-json\/wp\/v2\/types\/page"}],"author":[{"embeddable":true,"href":"https:\/\/tufisio.com\/directorio\/wp-json\/wp\/v2\/users\/1"}],"replies":[{"embeddable":true,"href":"https:\/\/tufisio.com\/directorio\/wp-json\/wp\/v2\/comments?post=1570"}],"version-history":[{"count":2,"href":"https:\/\/tufisio.com\/directorio\/wp-json\/wp\/v2\/pages\/1570\/revisions"}],"predecessor-version":[{"id":2444,"href":"https:\/\/tufisio.com\/directorio\/wp-json\/wp\/v2\/pages\/1570\/revisions\/2444"}],"wp:attachment":[{"href":"https:\/\/tufisio.com\/directorio\/wp-json\/wp\/v2\/media?parent=1570"}],"curies":[{"name":"wp","href":"https:\/\/api.w.org\/{rel}","templated":true}]}}