{"id":417,"date":"2023-10-30T13:25:10","date_gmt":"2023-10-30T12:25:10","guid":{"rendered":"https:\/\/tufisio.com\/directorio\/?page_id=417"},"modified":"2023-12-18T12:18:37","modified_gmt":"2023-12-18T11:18:37","slug":"los-mejores-fisioterapeutas-en-la-rioja","status":"publish","type":"page","link":"https:\/\/tufisio.com\/directorio\/los-mejores-fisioterapeutas-en-la-rioja\/","title":{"rendered":"Los mejores fisioterapeutas en La Rioja"},"content":{"rendered":"\n<div style=\"color:#ddd\" class=\"wp-block-genesis-blocks-gb-spacer gb-block-spacer gb-divider-solid gb-divider-size-1\"><hr style=\"height:30px\"\/><\/div>\n\n\n\n<div class=\"wp-block-genesis-blocks-gb-columns gb-layout-columns-1 gb-1-col-equal alignwide\"><div class=\"gb-layout-column-wrap gb-block-layout-column-gap-4 gb-is-responsive-column\">\n<div class=\"wp-block-genesis-blocks-gb-column gb-block-layout-column gb-is-vertically-aligned-top\"><div class=\"gb-block-layout-column-inner\">\n<h1 class=\"wp-block-heading\">Los mejores fisioterapeutas en La Rioja<\/h1>\n\n\n\n<p>Encuentra al mejor fisioterapeuta en La Rioja para tratar tus dolencias y lesiones con tratamientos personalizados y efectivos.<\/p>\n\n\n\n<h2 class=\"wp-block-heading\">Fisioterapeutas en La Rioja<\/h2>\n<\/div><\/div>\n<\/div><\/div>\n\n\n\n<div class=\"wp-block-genesis-blocks-gb-columns gb-layout-columns-2 gb-2-col-wideleft alignwide\" style=\"margin-top:15px\"><div class=\"gb-layout-column-wrap gb-block-layout-column-gap-4 gb-is-responsive-column\">\n<div class=\"wp-block-genesis-blocks-gb-column gb-block-layout-column gb-is-vertically-aligned-top\"><div class=\"gb-block-layout-column-inner\">\n\t\t\t<div class=\"wp-tufisio-list-frontend\">\n\t\t\t\t<div id=\"wp-tufisio-items-kstZDEyRkFQwHvDI\" class=\"wp-tufisio-items\">\n\t\t\t\t\t\t\t\t\t<a class=\"wp-tufisio-list-item\" href=\"https:\/\/tufisio.com\/fisioterapeuta\/haro\/ivan-physio\"\n\t\t\t\t\ttarget=\"_blank\" title=\"Iv\u00e1n Physio\">\n\t\t\t\t\t<div class=\"wp-tufisio-list-item-avatar\" style=\"background-image: url('https:\/\/cdn.tufisio.com\/op_1682421130368_avatar.jpeg')\">\n\t\t\t\t\t<\/div>\n\t\t\t\t\t<div class=\"wp-tufisio-list-item-info\">\n\t\t\t\t\t\t<div>\n\t\t\t\t\t\t\tIv\u00e1n Physio\t\t\t\t\t\t<\/div>\n\t\t\t\t\t\t\t\t\t\t\t\t<div class=\"wp-tufisio-list-item-info-line\">\n\t\t\t\t\t\t\t<div class=\"wp-tufisio-list-item-address\">\n\t\t\t\t\t\t\t\t<img decoding=\"async\" src=\"https:\/\/tufisio.com\/assets\/images\/professional-icons\/location.svg\" alt=\"Icono\" \/>\n\t\t\t\t\t\t\t\tHaro, La Rioja\t\t\t\t\t\t\t<\/div>\n\t\t\t\t\t\t\t<div>\n\t\t\t\t\t\t\t\t<div class=\"wp-tufisio-list-item-separator\"><\/div>\n\t\t\t\t\t\t\t<\/div>\n\t\t\t\t\t\t\t<div class=\"wp-tufisio-list-item-rating\">\n\t\t\t\t\t\t\t\t<img decoding=\"async\" src=\"https:\/\/tufisio.com\/assets\/images\/professional-icons\/star.svg\" \/>\n\t\t\t\t\t\t\t\t0.0\t\t\t\t\t\t\t<\/div>\n\n\t\t\t\t\t\t\t\n\t\t\t\t<div>\n\t\t\t\t\t<div class=\"wp-tufisio-list-item-separator\"><\/div>\n\t\t\t\t<\/div>\n\t\t\t\t<div class=\"wp-tufisio-list-item-seal\">\n\t\t\t\t\t<img decoding=\"async\" src=\"https:\/\/tufisio.com\/assets\/images\/professional-icons\/pro-seal.svg\" alt=\"Pro\" \/>\n\t\t\t\t<\/div>\t\t\t\t\t\t<\/div>\n\t\t\t\t\t\t<div>\n\t\t\t\t\t\t\t<button onclick=\"kstZDEyRkFQwHvDI_tufisioBooking(event, 'fisioterapeuta\/haro\/ivan-physio')\">\n\t\t\t\t\t\t\t\t<img decoding=\"async\" src=\"https:\/\/tufisio.com\/assets\/images\/header\/calendar.svg\" alt=\"Icono\" \/>\n\t\t\t\t\t\t\t\t<span>Reservar cita<\/span>\n\t\t\t\t\t\t\t<\/button>\n\t\t\t\t\t\t<\/div>\n\t\t\t\t\t<\/div>\n\t\t\t\t<\/a>\n\t\t\t\t\t\t\t\t<a class=\"wp-tufisio-list-free-item\"\n\t\t\t\t\thref=\"https:\/\/tufisio.com\/clinica\/logrono\/momomo-clinica-de-fisioterapia-y-movimiento\" target=\"_blank\"\n\t\t\t\t\ttitle=\"momomo Clinica de Fisioterapia y Movimiento.\">\n\t\t\t\t\t<div class=\"wp-tufisio-list-free-item-name\">\n\t\t\t\t\t\tmomomo Clinica de Fisioterapia y Movimiento.\t\t\t\t\t<\/div>\n\t\t\t\t\t<div class=\"wp-tufisio-list-free-item-address\">\n\t\t\t\t\t\t<img decoding=\"async\" src=\"https:\/\/tufisio.com\/assets\/images\/professional-icons\/location.svg\" alt=\"Icono\" \/>\n\t\t\t\t\t\tLogro\u00f1o, La Rioja\t\t\t\t\t<\/div>\n\t\t\t\t<\/a>\n\t\t\t\t\t\t\t\t<a class=\"wp-tufisio-list-free-item\"\n\t\t\t\t\thref=\"https:\/\/tufisio.com\/fisioterapeuta\/logrono\/juan-carlos-ciria\" target=\"_blank\"\n\t\t\t\t\ttitle=\"Juan Carlos Ciria\">\n\t\t\t\t\t<div class=\"wp-tufisio-list-free-item-name\">\n\t\t\t\t\t\tJuan Carlos Ciria\t\t\t\t\t<\/div>\n\t\t\t\t\t<div class=\"wp-tufisio-list-free-item-address\">\n\t\t\t\t\t\t<img decoding=\"async\" src=\"https:\/\/tufisio.com\/assets\/images\/professional-icons\/location.svg\" alt=\"Icono\" \/>\n\t\t\t\t\t\tLogro\u00f1o, La Rioja\t\t\t\t\t<\/div>\n\t\t\t\t<\/a>\n\t\t\t\t\t\t\t\t<a class=\"wp-tufisio-list-free-item\"\n\t\t\t\t\thref=\"https:\/\/tufisio.com\/clinica\/logrono\/fisiorioja\" target=\"_blank\"\n\t\t\t\t\ttitle=\"FISIORIOJA\">\n\t\t\t\t\t<div class=\"wp-tufisio-list-free-item-name\">\n\t\t\t\t\t\tFISIORIOJA\t\t\t\t\t<\/div>\n\t\t\t\t\t<div class=\"wp-tufisio-list-free-item-address\">\n\t\t\t\t\t\t<img decoding=\"async\" src=\"https:\/\/tufisio.com\/assets\/images\/professional-icons\/location.svg\" alt=\"Icono\" \/>\n\t\t\t\t\t\tLogro\u00f1o, La Rioja\t\t\t\t\t<\/div>\n\t\t\t\t<\/a>\n\t\t\t\t\t\t\t\t<a class=\"wp-tufisio-list-free-item\"\n\t\t\t\t\thref=\"https:\/\/tufisio.com\/clinica\/logrono\/centro-de-fisioterapia-san-juan\" target=\"_blank\"\n\t\t\t\t\ttitle=\"CENTRO DE FISIOTERAPIA SAN JUAN\">\n\t\t\t\t\t<div class=\"wp-tufisio-list-free-item-name\">\n\t\t\t\t\t\tCENTRO DE FISIOTERAPIA SAN JUAN\t\t\t\t\t<\/div>\n\t\t\t\t\t<div class=\"wp-tufisio-list-free-item-address\">\n\t\t\t\t\t\t<img decoding=\"async\" src=\"https:\/\/tufisio.com\/assets\/images\/professional-icons\/location.svg\" alt=\"Icono\" \/>\n\t\t\t\t\t\tLogro\u00f1o, La Rioja\t\t\t\t\t<\/div>\n\t\t\t\t<\/a>\n\t\t\t\t\t\t\t\t<a class=\"wp-tufisio-list-free-item\"\n\t\t\t\t\thref=\"https:\/\/tufisio.com\/fisioterapeuta\/logrono\/maria-fernanda-aguirre-rojas\" target=\"_blank\"\n\t\t\t\t\ttitle=\"Mar\u00eda Fernanda Aguirre Rojas\">\n\t\t\t\t\t<div class=\"wp-tufisio-list-free-item-name\">\n\t\t\t\t\t\tMar\u00eda Fernanda Aguirre Rojas\t\t\t\t\t<\/div>\n\t\t\t\t\t<div class=\"wp-tufisio-list-free-item-address\">\n\t\t\t\t\t\t<img decoding=\"async\" src=\"https:\/\/tufisio.com\/assets\/images\/professional-icons\/location.svg\" alt=\"Icono\" \/>\n\t\t\t\t\t\tLogro\u00f1o, La Rioja\t\t\t\t\t<\/div>\n\t\t\t\t<\/a>\n\t\t\t\t\t\t\t\t<a class=\"wp-tufisio-list-free-item\"\n\t\t\t\t\thref=\"https:\/\/tufisio.com\/clinica\/logrono\/clinica-fusiona\" target=\"_blank\"\n\t\t\t\t\ttitle=\"CL\u00cdNICA FUSIONA\">\n\t\t\t\t\t<div class=\"wp-tufisio-list-free-item-name\">\n\t\t\t\t\t\tCL\u00cdNICA FUSIONA\t\t\t\t\t<\/div>\n\t\t\t\t\t<div class=\"wp-tufisio-list-free-item-address\">\n\t\t\t\t\t\t<img decoding=\"async\" src=\"https:\/\/tufisio.com\/assets\/images\/professional-icons\/location.svg\" alt=\"Icono\" \/>\n\t\t\t\t\t\tLogro\u00f1o, La Rioja\t\t\t\t\t<\/div>\n\t\t\t\t<\/a>\n\t\t\t\t\t\t\t\t<a class=\"wp-tufisio-list-free-item\"\n\t\t\t\t\thref=\"https:\/\/tufisio.com\/clinica\/logrono\/clinica-de-fisioterapia-y-osteopatia-ana-perez-rego\" target=\"_blank\"\n\t\t\t\t\ttitle=\"CL\u00cdNICA DE FISIOTERAPIA Y OSTEOPAT\u00cdA ANA P\u00c9REZ REGO\">\n\t\t\t\t\t<div class=\"wp-tufisio-list-free-item-name\">\n\t\t\t\t\t\tCL\u00cdNICA DE FISIOTERAPIA Y OSTEOPAT\u00cdA ANA P\u00c9REZ REGO\t\t\t\t\t<\/div>\n\t\t\t\t\t<div class=\"wp-tufisio-list-free-item-address\">\n\t\t\t\t\t\t<img decoding=\"async\" src=\"https:\/\/tufisio.com\/assets\/images\/professional-icons\/location.svg\" alt=\"Icono\" \/>\n\t\t\t\t\t\tLogro\u00f1o, La Rioja\t\t\t\t\t<\/div>\n\t\t\t\t<\/a>\n\t\t\t\t\t\t\t\t<a class=\"wp-tufisio-list-free-item\"\n\t\t\t\t\thref=\"https:\/\/tufisio.com\/fisioterapeuta\/calahorra\/berta-alcalde-zapata\" target=\"_blank\"\n\t\t\t\t\ttitle=\"Berta Alcalde Zapata\">\n\t\t\t\t\t<div class=\"wp-tufisio-list-free-item-name\">\n\t\t\t\t\t\tBerta Alcalde Zapata\t\t\t\t\t<\/div>\n\t\t\t\t\t<div class=\"wp-tufisio-list-free-item-address\">\n\t\t\t\t\t\t<img decoding=\"async\" src=\"https:\/\/tufisio.com\/assets\/images\/professional-icons\/location.svg\" alt=\"Icono\" \/>\n\t\t\t\t\t\tCalahorra, La Rioja\t\t\t\t\t<\/div>\n\t\t\t\t<\/a>\n\t\t\t\t\t\t\t\t<a class=\"wp-tufisio-list-free-item\"\n\t\t\t\t\thref=\"https:\/\/tufisio.com\/clinica\/logrono\/fisiolaser\" target=\"_blank\"\n\t\t\t\t\ttitle=\"FISIOL\u00c1SER\">\n\t\t\t\t\t<div class=\"wp-tufisio-list-free-item-name\">\n\t\t\t\t\t\tFISIOL\u00c1SER\t\t\t\t\t<\/div>\n\t\t\t\t\t<div class=\"wp-tufisio-list-free-item-address\">\n\t\t\t\t\t\t<img decoding=\"async\" src=\"https:\/\/tufisio.com\/assets\/images\/professional-icons\/location.svg\" alt=\"Icono\" \/>\n\t\t\t\t\t\tLogro\u00f1o, La Rioja\t\t\t\t\t<\/div>\n\t\t\t\t<\/a>\n\t\t\t\t\t\t\t\t<a class=\"wp-tufisio-list-free-item\"\n\t\t\t\t\thref=\"https:\/\/tufisio.com\/clinica\/logrono\/isabel-acedo-fisioterapia\" target=\"_blank\"\n\t\t\t\t\ttitle=\"Isabel acedo fisioterapia\">\n\t\t\t\t\t<div class=\"wp-tufisio-list-free-item-name\">\n\t\t\t\t\t\tIsabel acedo fisioterapia\t\t\t\t\t<\/div>\n\t\t\t\t\t<div class=\"wp-tufisio-list-free-item-address\">\n\t\t\t\t\t\t<img decoding=\"async\" src=\"https:\/\/tufisio.com\/assets\/images\/professional-icons\/location.svg\" alt=\"Icono\" \/>\n\t\t\t\t\t\tLogro\u00f1o, La Rioja\t\t\t\t\t<\/div>\n\t\t\t\t<\/a>\n\t\t\t\t\t\t\t\t<a class=\"wp-tufisio-list-free-item\"\n\t\t\t\t\thref=\"https:\/\/tufisio.com\/clinica\/logrono\/fisioasistencia\" target=\"_blank\"\n\t\t\t\t\ttitle=\"FISIOASISTENCIA\">\n\t\t\t\t\t<div class=\"wp-tufisio-list-free-item-name\">\n\t\t\t\t\t\tFISIOASISTENCIA\t\t\t\t\t<\/div>\n\t\t\t\t\t<div class=\"wp-tufisio-list-free-item-address\">\n\t\t\t\t\t\t<img decoding=\"async\" src=\"https:\/\/tufisio.com\/assets\/images\/professional-icons\/location.svg\" alt=\"Icono\" \/>\n\t\t\t\t\t\tLogro\u00f1o, La Rioja\t\t\t\t\t<\/div>\n\t\t\t\t<\/a>\n\t\t\t\t\t\t\t\t<a class=\"wp-tufisio-list-free-item\"\n\t\t\t\t\thref=\"https:\/\/tufisio.com\/clinica\/logrono\/centro-de-fisioterapia-bodisa\" target=\"_blank\"\n\t\t\t\t\ttitle=\"CENTRO DE FISIOTERAPIA BODISA\">\n\t\t\t\t\t<div class=\"wp-tufisio-list-free-item-name\">\n\t\t\t\t\t\tCENTRO DE FISIOTERAPIA BODISA\t\t\t\t\t<\/div>\n\t\t\t\t\t<div class=\"wp-tufisio-list-free-item-address\">\n\t\t\t\t\t\t<img decoding=\"async\" src=\"https:\/\/tufisio.com\/assets\/images\/professional-icons\/location.svg\" alt=\"Icono\" \/>\n\t\t\t\t\t\tLogro\u00f1o, La Rioja\t\t\t\t\t<\/div>\n\t\t\t\t<\/a>\n\t\t\t\t\t\t\t\t<a class=\"wp-tufisio-list-free-item\"\n\t\t\t\t\thref=\"https:\/\/tufisio.com\/clinica\/logrono\/fisioterapia-centro-anesma\" target=\"_blank\"\n\t\t\t\t\ttitle=\"FISIOTERAPIA CENTRO ANESMA\">\n\t\t\t\t\t<div class=\"wp-tufisio-list-free-item-name\">\n\t\t\t\t\t\tFISIOTERAPIA CENTRO ANESMA\t\t\t\t\t<\/div>\n\t\t\t\t\t<div class=\"wp-tufisio-list-free-item-address\">\n\t\t\t\t\t\t<img decoding=\"async\" src=\"https:\/\/tufisio.com\/assets\/images\/professional-icons\/location.svg\" alt=\"Icono\" \/>\n\t\t\t\t\t\tLogro\u00f1o, La Rioja\t\t\t\t\t<\/div>\n\t\t\t\t<\/a>\n\t\t\t\t\t\t\t\t<a class=\"wp-tufisio-list-free-item\"\n\t\t\t\t\thref=\"https:\/\/tufisio.com\/fisioterapeuta\/logrono\/test-test-5\" target=\"_blank\"\n\t\t\t\t\ttitle=\"test test\">\n\t\t\t\t\t<div class=\"wp-tufisio-list-free-item-name\">\n\t\t\t\t\t\ttest test\t\t\t\t\t<\/div>\n\t\t\t\t\t<div class=\"wp-tufisio-list-free-item-address\">\n\t\t\t\t\t\t<img decoding=\"async\" src=\"https:\/\/tufisio.com\/assets\/images\/professional-icons\/location.svg\" alt=\"Icono\" \/>\n\t\t\t\t\t\tLogro\u00f1o, La Rioja\t\t\t\t\t<\/div>\n\t\t\t\t<\/a>\n\t\t\t\t\t\t\t\t<a class=\"wp-tufisio-list-free-item\"\n\t\t\t\t\thref=\"https:\/\/tufisio.com\/clinica\/logrono\/integra-fisioterapia-y-salud\" target=\"_blank\"\n\t\t\t\t\ttitle=\"\u00cdntegra Fisioterapia y Salud\">\n\t\t\t\t\t<div class=\"wp-tufisio-list-free-item-name\">\n\t\t\t\t\t\t\u00cdntegra Fisioterapia y Salud\t\t\t\t\t<\/div>\n\t\t\t\t\t<div class=\"wp-tufisio-list-free-item-address\">\n\t\t\t\t\t\t<img decoding=\"async\" src=\"https:\/\/tufisio.com\/assets\/images\/professional-icons\/location.svg\" alt=\"Icono\" \/>\n\t\t\t\t\t\tLogro\u00f1o, La Rioja\t\t\t\t\t<\/div>\n\t\t\t\t<\/a>\n\t\t\t\t\t\t\t\t<a class=\"wp-tufisio-list-free-item\"\n\t\t\t\t\thref=\"https:\/\/tufisio.com\/fisioterapeuta\/logrono\/celma-neida-camacho-amaya\" target=\"_blank\"\n\t\t\t\t\ttitle=\"Celma Neida Camacho Amaya\">\n\t\t\t\t\t<div class=\"wp-tufisio-list-free-item-name\">\n\t\t\t\t\t\tCelma Neida Camacho Amaya\t\t\t\t\t<\/div>\n\t\t\t\t\t<div class=\"wp-tufisio-list-free-item-address\">\n\t\t\t\t\t\t<img decoding=\"async\" src=\"https:\/\/tufisio.com\/assets\/images\/professional-icons\/location.svg\" alt=\"Icono\" \/>\n\t\t\t\t\t\tLogro\u00f1o, La Rioja\t\t\t\t\t<\/div>\n\t\t\t\t<\/a>\n\t\t\t\t\t\t\t\t<a class=\"wp-tufisio-list-free-item\"\n\t\t\t\t\thref=\"https:\/\/tufisio.com\/clinica\/logrono\/centro-de-fisioterapia-inma-marrodan\" target=\"_blank\"\n\t\t\t\t\ttitle=\"CENTRO DE FISIOTERAPIA INMA MARROD\u00c1N\">\n\t\t\t\t\t<div class=\"wp-tufisio-list-free-item-name\">\n\t\t\t\t\t\tCENTRO DE FISIOTERAPIA INMA MARROD\u00c1N\t\t\t\t\t<\/div>\n\t\t\t\t\t<div class=\"wp-tufisio-list-free-item-address\">\n\t\t\t\t\t\t<img decoding=\"async\" src=\"https:\/\/tufisio.com\/assets\/images\/professional-icons\/location.svg\" alt=\"Icono\" \/>\n\t\t\t\t\t\tLogro\u00f1o, La Rioja\t\t\t\t\t<\/div>\n\t\t\t\t<\/a>\n\t\t\t\t\t\t\t\t<a class=\"wp-tufisio-list-free-item\"\n\t\t\t\t\thref=\"https:\/\/tufisio.com\/fisioterapeuta\/logrono\/david-arechavaleta\" target=\"_blank\"\n\t\t\t\t\ttitle=\"David Arechavaleta\">\n\t\t\t\t\t<div class=\"wp-tufisio-list-free-item-name\">\n\t\t\t\t\t\tDavid Arechavaleta\t\t\t\t\t<\/div>\n\t\t\t\t\t<div class=\"wp-tufisio-list-free-item-address\">\n\t\t\t\t\t\t<img decoding=\"async\" src=\"https:\/\/tufisio.com\/assets\/images\/professional-icons\/location.svg\" alt=\"Icono\" \/>\n\t\t\t\t\t\tLogro\u00f1o, La Rioja\t\t\t\t\t<\/div>\n\t\t\t\t<\/a>\n\t\t\t\t\t\t\t\t<\/div>\n\t\t\t\t<div id=\"wp-tufisio-pagination-kstZDEyRkFQwHvDI\" class=\"wp-tufisio-pagination\">\n\t\t\t\t\t\n\t\t<button disabled class=\" wp-tufisio-pagination-number\"\n\t\t\tonclick=\"kstZDEyRkFQwHvDI_tufisioListChangePage(0)\">\n\t\t\t<img decoding=\"async\" src=\"https:\/\/tufisio.com\/directorio\/wp-content\/plugins\/wp-tufisio-list\/assets\/navigation-first.svg\" alt=\"Primero\" \/>\n\t\t<\/button>\n\n\t\t<button disabled class=\" wp-tufisio-pagination-number\"\n\t\t\tonclick=\"kstZDEyRkFQwHvDI_tufisioListChangePage(-1)\">\n\t\t\t<img decoding=\"async\" src=\"https:\/\/tufisio.com\/directorio\/wp-content\/plugins\/wp-tufisio-list\/assets\/navigation-prev.svg\" alt=\"Anterior\" \/>\n\t\t<\/button>\n\n\t\t\t\t\t<button class=\"wp-tufisio-pagination-number wp-tufisio-pagination-number-active\" onclick=\"kstZDEyRkFQwHvDI_tufisioListChangePage(0)\">\n\t\t\t\t<span>\n\t\t\t\t\t1\t\t\t\t<\/span>\n\t\t\t<\/button>\n\t\t\n\t\t<button disabled class=\"wp-tufisio-pagination-number\"\n\t\t\tonclick=\"kstZDEyRkFQwHvDI_tufisioListChangePage(1)\">\n\t\t\t<img decoding=\"async\" src=\"https:\/\/tufisio.com\/directorio\/wp-content\/plugins\/wp-tufisio-list\/assets\/navigation-next.svg\" alt=\"Siguiente\" \/>\n\t\t<\/button>\n\n\t\t<button disabled class=\"wp-tufisio-pagination-number\"\n\t\t\tonclick=\"kstZDEyRkFQwHvDI_tufisioListChangePage(0)\">\n\t\t\t<img decoding=\"async\" src=\"https:\/\/tufisio.com\/directorio\/wp-content\/plugins\/wp-tufisio-list\/assets\/navigation-last.svg\" alt=\"\u00daltimo\" \/>\n\t\t<\/button>\n\n\t\t\t\t\t\t<\/div>\n\t\t\t<\/div>\n\n\t\t\t<script>\n\t\t\t\tfunction kstZDEyRkFQwHvDI_tufisioBooking(event, url = '') {\n\t\t\t\t\tevent.preventDefault();\n\t\t\t\t\twindow.open('https:\/\/tufisio.com\/' + url + '?open=booking');\n\t\t\t\t}\n\n\t\t\t\tasync function kstZDEyRkFQwHvDI_tufisioListChangePage(page = 0) {\n\t\t\t\t\tvar paginationElementId = 'wp-tufisio-items-kstZDEyRkFQwHvDI';\n\t\t\t\t\tvar chunks = [[1379,3612,915,922,916,917,790,914,2362,919,520,793,920,918,734,3953,2349,921,4776]];\n\t\t\t\t\tvar params = chunks[page] ? chunks[page].map(chunkItem => 'ids[]=' + chunkItem) : [];\n\t\t\t\t\tparams.push('current_page=' + page, 'total_pages=' + chunks.length, 'hash=kstZDEyRkFQwHvDI');\n\t\t\t\t\tdocument.getElementsByTagName('body')[0].scrollIntoView();\n\t\t\t\t\tdocument.getElementById('wp-tufisio-items-kstZDEyRkFQwHvDI').innerHTML = 'Cargando...';\n\t\t\t\t\tdocument.getElementById('wp-tufisio-pagination-kstZDEyRkFQwHvDI').innerHTML = '';\n\t\t\t\t\tvar res = await fetch('https:\/\/tufisio.com\/directorio\/wp-json\/wp-tufisio-list\/v1\/cards?' + params.join('&')).then(res => res.json()).catch(() => ({ cards: '' }));\n\t\t\t\t\tdocument.getElementById('wp-tufisio-items-kstZDEyRkFQwHvDI').innerHTML = res.cards;\n\t\t\t\t\tdocument.getElementById('wp-tufisio-pagination-kstZDEyRkFQwHvDI').innerHTML = res.pagination;\n\t\t\t\t}\n\t\t\t<\/script>\n\t\t\t\n\n\n<div style=\"color:#ddd\" class=\"wp-block-genesis-blocks-gb-spacer gb-block-spacer gb-divider-solid gb-divider-size-1\"><hr style=\"height:30px\"\/><\/div>\n<\/div><\/div>\n\n\n\n<div class=\"wp-block-genesis-blocks-gb-column gb-block-layout-column\"><div class=\"gb-block-layout-column-inner\">\n<figure class=\"wp-block-gallery aligncenter has-nested-images columns-default is-cropped wp-block-gallery-1 is-layout-flex wp-block-gallery-is-layout-flex\">\n<figure class=\"wp-block-image size-large\"><img loading=\"lazy\" decoding=\"async\" width=\"818\" height=\"1024\" data-id=\"420\" src=\"https:\/\/tufisio.com\/directorio\/wp-content\/uploads\/2023\/10\/La-Rioja-818x1024.png\" alt=\"\" class=\"wp-image-420\" srcset=\"https:\/\/tufisio.com\/directorio\/wp-content\/uploads\/2023\/10\/La-Rioja-818x1024.png 818w, https:\/\/tufisio.com\/directorio\/wp-content\/uploads\/2023\/10\/La-Rioja-240x300.png 240w, https:\/\/tufisio.com\/directorio\/wp-content\/uploads\/2023\/10\/La-Rioja-768x961.png 768w, https:\/\/tufisio.com\/directorio\/wp-content\/uploads\/2023\/10\/La-Rioja.png 1147w\" sizes=\"auto, (max-width: 818px) 100vw, 818px\" \/><\/figure>\n<\/figure>\n<\/div><\/div>\n<\/div><\/div>\n\n\n\n<div style=\"color:#ddd\" class=\"wp-block-genesis-blocks-gb-spacer gb-block-spacer gb-divider-solid gb-divider-size-1\"><hr style=\"height:30px\"\/><\/div>\n\n\n\n<div class=\"wp-block-genesis-blocks-gb-columns gb-layout-columns-1 gb-1-col-equal gb-has-custom-background-color alignfull\" style=\"padding-right:30px;padding-left:30px;background-color:#f4f1ed\"><div class=\"gb-layout-column-wrap gb-block-layout-column-gap-2 gb-is-responsive-column\">\n<div class=\"wp-block-genesis-blocks-gb-column gb-block-layout-column\"><div class=\"gb-block-layout-column-inner\">\n<div class=\"wp-block-columns alignwide is-layout-flex wp-container-core-columns-is-layout-9d6595d7 wp-block-columns-is-layout-flex\">\n<div class=\"wp-block-column is-layout-flow wp-block-column-is-layout-flow\">\n<div style=\"color:#ddd\" class=\"wp-block-genesis-blocks-gb-spacer gb-block-spacer gb-divider-solid gb-divider-size-1\"><hr style=\"height:30px\"\/><\/div>\n\n\n\n<h2 class=\"wp-block-heading alignwide has-text-align-left\">Preguntas frecuentes<\/h2>\n\n\n\n<p><\/p>\n\n\n\n<div style=\"color:#ddd\" class=\"wp-block-genesis-blocks-gb-spacer gb-block-spacer gb-divider-solid gb-divider-size-1\"><hr style=\"height:30px\"\/><\/div>\n<\/div>\n<\/div>\n\n\n\n<div class=\"wp-block-columns alignwide is-layout-flex wp-container-core-columns-is-layout-9d6595d7 wp-block-columns-is-layout-flex\">\n<div class=\"wp-block-column is-layout-flow wp-block-column-is-layout-flow\">\n<div class=\"wp-block-genesis-blocks-gb-accordion gb-font-size-18 gb-block-accordion\"><details><summary class=\"gb-accordion-title\">\u00bfC\u00f3mo elegir un fisioterapeuta en La Rioja<\/summary><div class=\"gb-accordion-text\">\n<p><\/p>\n<\/div><\/details><\/div>\n<\/div>\n\n\n\n<div class=\"wp-block-column is-layout-flow wp-block-column-is-layout-flow\">\n<div class=\"wp-block-genesis-blocks-gb-accordion gb-font-size-18 gb-block-accordion\"><details><summary class=\"gb-accordion-title\">\u00bfQu\u00e9 debes tener en cuenta para elegir un fisioterapeuta en La Rioja?<\/summary><div class=\"gb-accordion-text\">\n<p><\/p>\n<\/div><\/details><\/div>\n<\/div>\n<\/div>\n<\/div><\/div>\n<\/div><\/div>\n","protected":false},"excerpt":{"rendered":"","protected":false},"author":4,"featured_media":0,"parent":0,"menu_order":0,"comment_status":"closed","ping_status":"closed","template":"","meta":{"inline_featured_image":false,"_genesis_hide_title":true,"_genesis_hide_breadcrumbs":true,"_genesis_hide_singular_image":true,"_genesis_hide_footer_widgets":false,"_genesis_custom_body_class":"","_genesis_custom_post_class":"","_genesis_layout":"full-width-content","footnotes":""},"class_list":{"0":"post-417","1":"page","2":"type-page","3":"status-publish","5":"entry"},"featured_image_src":null,"featured_image_src_square":null,"_links":{"self":[{"href":"https:\/\/tufisio.com\/directorio\/wp-json\/wp\/v2\/pages\/417","targetHints":{"allow":["GET"]}}],"collection":[{"href":"https:\/\/tufisio.com\/directorio\/wp-json\/wp\/v2\/pages"}],"about":[{"href":"https:\/\/tufisio.com\/directorio\/wp-json\/wp\/v2\/types\/page"}],"author":[{"embeddable":true,"href":"https:\/\/tufisio.com\/directorio\/wp-json\/wp\/v2\/users\/4"}],"replies":[{"embeddable":true,"href":"https:\/\/tufisio.com\/directorio\/wp-json\/wp\/v2\/comments?post=417"}],"version-history":[{"count":3,"href":"https:\/\/tufisio.com\/directorio\/wp-json\/wp\/v2\/pages\/417\/revisions"}],"predecessor-version":[{"id":716,"href":"https:\/\/tufisio.com\/directorio\/wp-json\/wp\/v2\/pages\/417\/revisions\/716"}],"wp:attachment":[{"href":"https:\/\/tufisio.com\/directorio\/wp-json\/wp\/v2\/media?parent=417"}],"curies":[{"name":"wp","href":"https:\/\/api.w.org\/{rel}","templated":true}]}}