{"id":729,"date":"2024-01-15T12:41:49","date_gmt":"2024-01-15T11:41:49","guid":{"rendered":"https:\/\/tufisio.com\/directorio\/?page_id=729"},"modified":"2024-01-15T13:40:03","modified_gmt":"2024-01-15T12:40:03","slug":"mejores-fisioterapeutas-en-medellin","status":"publish","type":"page","link":"https:\/\/tufisio.com\/directorio\/mejores-fisioterapeutas-en-medellin\/","title":{"rendered":"Los mejores fisioterapeutas en Medell\u00edn"},"content":{"rendered":"\n<div style=\"color:#ddd\" class=\"wp-block-genesis-blocks-gb-spacer gb-block-spacer gb-divider-solid gb-divider-size-1\"><hr style=\"height:30px\"\/><\/div>\n\n\n\n<div class=\"wp-block-genesis-blocks-gb-columns gb-layout-columns-1 gb-1-col-equal alignwide\"><div class=\"gb-layout-column-wrap gb-block-layout-column-gap-4 gb-is-responsive-column\">\n<div class=\"wp-block-genesis-blocks-gb-column gb-block-layout-column gb-is-vertically-aligned-top\"><div class=\"gb-block-layout-column-inner\">\n<h1 class=\"wp-block-heading\">Los mejores fisioterapeutas en Medell\u00edn<\/h1>\n\n\n\n<p>Recupera tu bienestar f\u00edsico con el mejor fisioterapeuta en Medell\u00edn. Encuentra al experto que te ayudar\u00e1 a aliviar tus dolencias y mejorar tu movilidad.<\/p>\n\n\n\n<h2 class=\"wp-block-heading\">Fisioterapeutas en Medell\u00edn<\/h2>\n<\/div><\/div>\n<\/div><\/div>\n\n\n\n<div class=\"wp-block-genesis-blocks-gb-columns gb-layout-columns-2 gb-2-col-wideleft alignwide\" style=\"margin-top:15px\"><div class=\"gb-layout-column-wrap gb-block-layout-column-gap-4 gb-is-responsive-column\">\n<div class=\"wp-block-genesis-blocks-gb-column gb-block-layout-column gb-is-vertically-aligned-top\"><div class=\"gb-block-layout-column-inner\">\n\t\t\t<div class=\"wp-tufisio-list-frontend\">\n\t\t\t\t<div id=\"wp-tufisio-items-GpEEdCGFeWoXgOwY\" class=\"wp-tufisio-items\">\n\t\t\t\t\t\t\t\t\t<a class=\"wp-tufisio-list-free-item\"\n\t\t\t\t\thref=\"https:\/\/tufisio.com\/fisioterapeuta\/medellin\/jessica-viviana-tulcan-baena\" target=\"_blank\"\n\t\t\t\t\ttitle=\"JESSICA VIVIANA TULCAN BAENA\">\n\t\t\t\t\t<div class=\"wp-tufisio-list-free-item-name\">\n\t\t\t\t\t\tJESSICA VIVIANA TULCAN BAENA\t\t\t\t\t<\/div>\n\t\t\t\t\t<div class=\"wp-tufisio-list-free-item-address\">\n\t\t\t\t\t\t<img decoding=\"async\" src=\"https:\/\/tufisio.com\/assets\/images\/professional-icons\/location.svg\" alt=\"Icono\" \/>\n\t\t\t\t\t\tMedell\u00edn, Medell\u00edn\t\t\t\t\t<\/div>\n\t\t\t\t<\/a>\n\t\t\t\t\t\t\t\t<a class=\"wp-tufisio-list-free-item\"\n\t\t\t\t\thref=\"https:\/\/tufisio.com\/clinica\/medellin\/terapeuta-fisico-y-respiratorio\" target=\"_blank\"\n\t\t\t\t\ttitle=\"Terapeuta f\u00edsico y respiratorio\">\n\t\t\t\t\t<div class=\"wp-tufisio-list-free-item-name\">\n\t\t\t\t\t\tTerapeuta f\u00edsico y respiratorio\t\t\t\t\t<\/div>\n\t\t\t\t\t<div class=\"wp-tufisio-list-free-item-address\">\n\t\t\t\t\t\t<img decoding=\"async\" src=\"https:\/\/tufisio.com\/assets\/images\/professional-icons\/location.svg\" alt=\"Icono\" \/>\n\t\t\t\t\t\tMedell\u00edn, Medell\u00edn\t\t\t\t\t<\/div>\n\t\t\t\t<\/a>\n\t\t\t\t\t\t\t\t<a class=\"wp-tufisio-list-free-item\"\n\t\t\t\t\thref=\"https:\/\/tufisio.com\/fisioterapeuta\/medellin\/andres-pavas\" target=\"_blank\"\n\t\t\t\t\ttitle=\"Andr\u00e9s Pavas\">\n\t\t\t\t\t<div class=\"wp-tufisio-list-free-item-name\">\n\t\t\t\t\t\tAndr\u00e9s Pavas\t\t\t\t\t<\/div>\n\t\t\t\t\t<div class=\"wp-tufisio-list-free-item-address\">\n\t\t\t\t\t\t<img decoding=\"async\" src=\"https:\/\/tufisio.com\/assets\/images\/professional-icons\/location.svg\" alt=\"Icono\" \/>\n\t\t\t\t\t\tMedell\u00edn, Medell\u00edn\t\t\t\t\t<\/div>\n\t\t\t\t<\/a>\n\t\t\t\t\t\t\t\t<a class=\"wp-tufisio-list-free-item\"\n\t\t\t\t\thref=\"https:\/\/tufisio.com\/fisioterapeuta\/medellin\/yomaly-ballesteros\" target=\"_blank\"\n\t\t\t\t\ttitle=\"YOMALY BALLESTEROS\">\n\t\t\t\t\t<div class=\"wp-tufisio-list-free-item-name\">\n\t\t\t\t\t\tYOMALY BALLESTEROS\t\t\t\t\t<\/div>\n\t\t\t\t\t<div class=\"wp-tufisio-list-free-item-address\">\n\t\t\t\t\t\t<img decoding=\"async\" src=\"https:\/\/tufisio.com\/assets\/images\/professional-icons\/location.svg\" alt=\"Icono\" \/>\n\t\t\t\t\t\tMedell\u00edn, Medell\u00edn\t\t\t\t\t<\/div>\n\t\t\t\t<\/a>\n\t\t\t\t\t\t\t\t<a class=\"wp-tufisio-list-free-item\"\n\t\t\t\t\thref=\"https:\/\/tufisio.com\/fisioterapeuta\/medellin\/valentina-gomez\" target=\"_blank\"\n\t\t\t\t\ttitle=\"Valentina G\u00f3mez\">\n\t\t\t\t\t<div class=\"wp-tufisio-list-free-item-name\">\n\t\t\t\t\t\tValentina G\u00f3mez\t\t\t\t\t<\/div>\n\t\t\t\t\t<div class=\"wp-tufisio-list-free-item-address\">\n\t\t\t\t\t\t<img decoding=\"async\" src=\"https:\/\/tufisio.com\/assets\/images\/professional-icons\/location.svg\" alt=\"Icono\" \/>\n\t\t\t\t\t\tMedell\u00edn, Medell\u00edn\t\t\t\t\t<\/div>\n\t\t\t\t<\/a>\n\t\t\t\t\t\t\t\t<a class=\"wp-tufisio-list-free-item\"\n\t\t\t\t\thref=\"https:\/\/tufisio.com\/fisioterapeuta\/medellin\/natalia-maria-atamiranda-reyes\" target=\"_blank\"\n\t\t\t\t\ttitle=\"Natalia Maria Atamiranda Reyes\">\n\t\t\t\t\t<div class=\"wp-tufisio-list-free-item-name\">\n\t\t\t\t\t\tNatalia Maria Atamiranda Reyes\t\t\t\t\t<\/div>\n\t\t\t\t\t<div class=\"wp-tufisio-list-free-item-address\">\n\t\t\t\t\t\t<img decoding=\"async\" src=\"https:\/\/tufisio.com\/assets\/images\/professional-icons\/location.svg\" alt=\"Icono\" \/>\n\t\t\t\t\t\tMedell\u00edn, Medell\u00edn\t\t\t\t\t<\/div>\n\t\t\t\t<\/a>\n\t\t\t\t\t\t\t\t<a class=\"wp-tufisio-list-free-item\"\n\t\t\t\t\thref=\"https:\/\/tufisio.com\/clinica\/medellin\/-3\" target=\"_blank\"\n\t\t\t\t\ttitle=\".\">\n\t\t\t\t\t<div class=\"wp-tufisio-list-free-item-name\">\n\t\t\t\t\t\t.\t\t\t\t\t<\/div>\n\t\t\t\t\t<div class=\"wp-tufisio-list-free-item-address\">\n\t\t\t\t\t\t<img decoding=\"async\" src=\"https:\/\/tufisio.com\/assets\/images\/professional-icons\/location.svg\" alt=\"Icono\" \/>\n\t\t\t\t\t\tMedell\u00edn, Medell\u00edn\t\t\t\t\t<\/div>\n\t\t\t\t<\/a>\n\t\t\t\t\t\t\t\t<a class=\"wp-tufisio-list-free-item\"\n\t\t\t\t\thref=\"https:\/\/tufisio.com\/fisioterapeuta\/medellin\/karla-caceres-arevalo\" target=\"_blank\"\n\t\t\t\t\ttitle=\"Karla C\u00e1ceres Ar\u00e9valo\">\n\t\t\t\t\t<div class=\"wp-tufisio-list-free-item-name\">\n\t\t\t\t\t\tKarla C\u00e1ceres Ar\u00e9valo\t\t\t\t\t<\/div>\n\t\t\t\t\t<div class=\"wp-tufisio-list-free-item-address\">\n\t\t\t\t\t\t<img decoding=\"async\" src=\"https:\/\/tufisio.com\/assets\/images\/professional-icons\/location.svg\" alt=\"Icono\" \/>\n\t\t\t\t\t\tMedell\u00edn, Medell\u00edn\t\t\t\t\t<\/div>\n\t\t\t\t<\/a>\n\t\t\t\t\t\t\t\t<a class=\"wp-tufisio-list-free-item\"\n\t\t\t\t\thref=\"https:\/\/tufisio.com\/fisioterapeuta\/medellin\/carolina-gomez\" target=\"_blank\"\n\t\t\t\t\ttitle=\"Carolina G\u00f3mez\">\n\t\t\t\t\t<div class=\"wp-tufisio-list-free-item-name\">\n\t\t\t\t\t\tCarolina G\u00f3mez\t\t\t\t\t<\/div>\n\t\t\t\t\t<div class=\"wp-tufisio-list-free-item-address\">\n\t\t\t\t\t\t<img decoding=\"async\" src=\"https:\/\/tufisio.com\/assets\/images\/professional-icons\/location.svg\" alt=\"Icono\" \/>\n\t\t\t\t\t\tMedell\u00edn, Medell\u00edn\t\t\t\t\t<\/div>\n\t\t\t\t<\/a>\n\t\t\t\t\t\t\t\t<a class=\"wp-tufisio-list-free-item\"\n\t\t\t\t\thref=\"https:\/\/tufisio.com\/clinica\/medellin\/laura-jimenez-fisioterapia\" target=\"_blank\"\n\t\t\t\t\ttitle=\"Laura Jim\u00e9nez fisioterapia\">\n\t\t\t\t\t<div class=\"wp-tufisio-list-free-item-name\">\n\t\t\t\t\t\tLaura Jim\u00e9nez fisioterapia\t\t\t\t\t<\/div>\n\t\t\t\t\t<div class=\"wp-tufisio-list-free-item-address\">\n\t\t\t\t\t\t<img decoding=\"async\" src=\"https:\/\/tufisio.com\/assets\/images\/professional-icons\/location.svg\" alt=\"Icono\" \/>\n\t\t\t\t\t\tMedell\u00edn, Medell\u00edn\t\t\t\t\t<\/div>\n\t\t\t\t<\/a>\n\t\t\t\t\t\t\t\t<a class=\"wp-tufisio-list-free-item\"\n\t\t\t\t\thref=\"https:\/\/tufisio.com\/fisioterapeuta\/medellin\/lina-marcela-henao-munoz\" target=\"_blank\"\n\t\t\t\t\ttitle=\"Lina Marcela Henao Mu\u00f1oz\">\n\t\t\t\t\t<div class=\"wp-tufisio-list-free-item-name\">\n\t\t\t\t\t\tLina Marcela Henao Mu\u00f1oz\t\t\t\t\t<\/div>\n\t\t\t\t\t<div class=\"wp-tufisio-list-free-item-address\">\n\t\t\t\t\t\t<img decoding=\"async\" src=\"https:\/\/tufisio.com\/assets\/images\/professional-icons\/location.svg\" alt=\"Icono\" \/>\n\t\t\t\t\t\tMedell\u00edn, Medell\u00edn\t\t\t\t\t<\/div>\n\t\t\t\t<\/a>\n\t\t\t\t\t\t\t\t<a class=\"wp-tufisio-list-free-item\"\n\t\t\t\t\thref=\"https:\/\/tufisio.com\/fisioterapeuta\/medellin\/darwin-humberto-rodriguez-mosquera\" target=\"_blank\"\n\t\t\t\t\ttitle=\"Darwin Humberto Rodriguez Mosquera\">\n\t\t\t\t\t<div class=\"wp-tufisio-list-free-item-name\">\n\t\t\t\t\t\tDarwin Humberto Rodriguez Mosquera\t\t\t\t\t<\/div>\n\t\t\t\t\t<div class=\"wp-tufisio-list-free-item-address\">\n\t\t\t\t\t\t<img decoding=\"async\" src=\"https:\/\/tufisio.com\/assets\/images\/professional-icons\/location.svg\" alt=\"Icono\" \/>\n\t\t\t\t\t\tMedell\u00edn, Medell\u00edn\t\t\t\t\t<\/div>\n\t\t\t\t<\/a>\n\t\t\t\t\t\t\t\t<a class=\"wp-tufisio-list-free-item\"\n\t\t\t\t\thref=\"https:\/\/tufisio.com\/fisioterapeuta\/medellin\/emmanuel-teheran-bustamante\" target=\"_blank\"\n\t\t\t\t\ttitle=\"Emmanuel Teheran Bustamante\">\n\t\t\t\t\t<div class=\"wp-tufisio-list-free-item-name\">\n\t\t\t\t\t\tEmmanuel Teheran Bustamante\t\t\t\t\t<\/div>\n\t\t\t\t\t<div class=\"wp-tufisio-list-free-item-address\">\n\t\t\t\t\t\t<img decoding=\"async\" src=\"https:\/\/tufisio.com\/assets\/images\/professional-icons\/location.svg\" alt=\"Icono\" \/>\n\t\t\t\t\t\tMedell\u00edn, Medell\u00edn\t\t\t\t\t<\/div>\n\t\t\t\t<\/a>\n\t\t\t\t\t\t\t\t<a class=\"wp-tufisio-list-free-item\"\n\t\t\t\t\thref=\"https:\/\/tufisio.com\/fisioterapeuta\/medellin\/vanessa-alvarez\" target=\"_blank\"\n\t\t\t\t\ttitle=\"Vanessa Alvarez\">\n\t\t\t\t\t<div class=\"wp-tufisio-list-free-item-name\">\n\t\t\t\t\t\tVanessa Alvarez\t\t\t\t\t<\/div>\n\t\t\t\t\t<div class=\"wp-tufisio-list-free-item-address\">\n\t\t\t\t\t\t<img decoding=\"async\" src=\"https:\/\/tufisio.com\/assets\/images\/professional-icons\/location.svg\" alt=\"Icono\" \/>\n\t\t\t\t\t\tMedell\u00edn, Medell\u00edn\t\t\t\t\t<\/div>\n\t\t\t\t<\/a>\n\t\t\t\t\t\t\t\t<a class=\"wp-tufisio-list-free-item\"\n\t\t\t\t\thref=\"https:\/\/tufisio.com\/fisioterapeuta\/medellin\/maria-camila-vanegas-osorio\" target=\"_blank\"\n\t\t\t\t\ttitle=\"Maria Camila Vanegas Osorio\">\n\t\t\t\t\t<div class=\"wp-tufisio-list-free-item-name\">\n\t\t\t\t\t\tMaria Camila Vanegas Osorio\t\t\t\t\t<\/div>\n\t\t\t\t\t<div class=\"wp-tufisio-list-free-item-address\">\n\t\t\t\t\t\t<img decoding=\"async\" src=\"https:\/\/tufisio.com\/assets\/images\/professional-icons\/location.svg\" alt=\"Icono\" \/>\n\t\t\t\t\t\tMedell\u00edn, Medell\u00edn\t\t\t\t\t<\/div>\n\t\t\t\t<\/a>\n\t\t\t\t\t\t\t\t<a class=\"wp-tufisio-list-free-item\"\n\t\t\t\t\thref=\"https:\/\/tufisio.com\/fisioterapeuta\/medellin\/luisa-fernanda-doria-castellar\" target=\"_blank\"\n\t\t\t\t\ttitle=\"Luisa Fernanda Doria Castellar\">\n\t\t\t\t\t<div class=\"wp-tufisio-list-free-item-name\">\n\t\t\t\t\t\tLuisa Fernanda Doria Castellar\t\t\t\t\t<\/div>\n\t\t\t\t\t<div class=\"wp-tufisio-list-free-item-address\">\n\t\t\t\t\t\t<img decoding=\"async\" src=\"https:\/\/tufisio.com\/assets\/images\/professional-icons\/location.svg\" alt=\"Icono\" \/>\n\t\t\t\t\t\tMedell\u00edn, Medell\u00edn\t\t\t\t\t<\/div>\n\t\t\t\t<\/a>\n\t\t\t\t\t\t\t\t<a class=\"wp-tufisio-list-free-item\"\n\t\t\t\t\thref=\"https:\/\/tufisio.com\/fisioterapeuta\/medellin\/johander-rodriguez-anzola\" target=\"_blank\"\n\t\t\t\t\ttitle=\"Johander Rodr\u00edguez Anzola\">\n\t\t\t\t\t<div class=\"wp-tufisio-list-free-item-name\">\n\t\t\t\t\t\tJohander Rodr\u00edguez Anzola\t\t\t\t\t<\/div>\n\t\t\t\t\t<div class=\"wp-tufisio-list-free-item-address\">\n\t\t\t\t\t\t<img decoding=\"async\" src=\"https:\/\/tufisio.com\/assets\/images\/professional-icons\/location.svg\" alt=\"Icono\" \/>\n\t\t\t\t\t\tMedell\u00edn, Medell\u00edn\t\t\t\t\t<\/div>\n\t\t\t\t<\/a>\n\t\t\t\t\t\t\t\t<a class=\"wp-tufisio-list-free-item\"\n\t\t\t\t\thref=\"https:\/\/tufisio.com\/fisioterapeuta\/medellin\/juan-carlos-araque-garcia\" target=\"_blank\"\n\t\t\t\t\ttitle=\"Juan Carlos Araque Garc\u00eda\">\n\t\t\t\t\t<div class=\"wp-tufisio-list-free-item-name\">\n\t\t\t\t\t\tJuan Carlos Araque Garc\u00eda\t\t\t\t\t<\/div>\n\t\t\t\t\t<div class=\"wp-tufisio-list-free-item-address\">\n\t\t\t\t\t\t<img decoding=\"async\" src=\"https:\/\/tufisio.com\/assets\/images\/professional-icons\/location.svg\" alt=\"Icono\" \/>\n\t\t\t\t\t\tMedell\u00edn, Medell\u00edn\t\t\t\t\t<\/div>\n\t\t\t\t<\/a>\n\t\t\t\t\t\t\t\t<a class=\"wp-tufisio-list-free-item\"\n\t\t\t\t\thref=\"https:\/\/tufisio.com\/fisioterapeuta\/medellin\/laura-mena-herrera\" target=\"_blank\"\n\t\t\t\t\ttitle=\"Laura Mena Herrera\">\n\t\t\t\t\t<div class=\"wp-tufisio-list-free-item-name\">\n\t\t\t\t\t\tLaura Mena Herrera\t\t\t\t\t<\/div>\n\t\t\t\t\t<div class=\"wp-tufisio-list-free-item-address\">\n\t\t\t\t\t\t<img decoding=\"async\" src=\"https:\/\/tufisio.com\/assets\/images\/professional-icons\/location.svg\" alt=\"Icono\" \/>\n\t\t\t\t\t\tMedell\u00edn, Medell\u00edn\t\t\t\t\t<\/div>\n\t\t\t\t<\/a>\n\t\t\t\t\t\t\t\t<\/div>\n\t\t\t\t<div id=\"wp-tufisio-pagination-GpEEdCGFeWoXgOwY\" class=\"wp-tufisio-pagination\">\n\t\t\t\t\t\n\t\t<button disabled class=\" wp-tufisio-pagination-number\"\n\t\t\tonclick=\"GpEEdCGFeWoXgOwY_tufisioListChangePage(0)\">\n\t\t\t<img decoding=\"async\" src=\"https:\/\/tufisio.com\/directorio\/wp-content\/plugins\/wp-tufisio-list\/assets\/navigation-first.svg\" alt=\"Primero\" \/>\n\t\t<\/button>\n\n\t\t<button disabled class=\" wp-tufisio-pagination-number\"\n\t\t\tonclick=\"GpEEdCGFeWoXgOwY_tufisioListChangePage(-1)\">\n\t\t\t<img decoding=\"async\" src=\"https:\/\/tufisio.com\/directorio\/wp-content\/plugins\/wp-tufisio-list\/assets\/navigation-prev.svg\" alt=\"Anterior\" \/>\n\t\t<\/button>\n\n\t\t\t\t\t<button class=\"wp-tufisio-pagination-number wp-tufisio-pagination-number-active\" onclick=\"GpEEdCGFeWoXgOwY_tufisioListChangePage(0)\">\n\t\t\t\t<span>\n\t\t\t\t\t1\t\t\t\t<\/span>\n\t\t\t<\/button>\n\t\t\t\t\t<button class=\"wp-tufisio-pagination-number\" onclick=\"GpEEdCGFeWoXgOwY_tufisioListChangePage(1)\">\n\t\t\t\t<span>\n\t\t\t\t\t2\t\t\t\t<\/span>\n\t\t\t<\/button>\n\t\t\t\t\t<button class=\"wp-tufisio-pagination-number\" onclick=\"GpEEdCGFeWoXgOwY_tufisioListChangePage(2)\">\n\t\t\t\t<span>\n\t\t\t\t\t3\t\t\t\t<\/span>\n\t\t\t<\/button>\n\t\t\t\t\t<button class=\"wp-tufisio-pagination-number\" onclick=\"GpEEdCGFeWoXgOwY_tufisioListChangePage(3)\">\n\t\t\t\t<span>\n\t\t\t\t\t4\t\t\t\t<\/span>\n\t\t\t<\/button>\n\t\t\n\t\t<button  class=\"wp-tufisio-pagination-number\"\n\t\t\tonclick=\"GpEEdCGFeWoXgOwY_tufisioListChangePage(1)\">\n\t\t\t<img decoding=\"async\" src=\"https:\/\/tufisio.com\/directorio\/wp-content\/plugins\/wp-tufisio-list\/assets\/navigation-next.svg\" alt=\"Siguiente\" \/>\n\t\t<\/button>\n\n\t\t<button  class=\"wp-tufisio-pagination-number\"\n\t\t\tonclick=\"GpEEdCGFeWoXgOwY_tufisioListChangePage(3)\">\n\t\t\t<img decoding=\"async\" src=\"https:\/\/tufisio.com\/directorio\/wp-content\/plugins\/wp-tufisio-list\/assets\/navigation-last.svg\" alt=\"\u00daltimo\" \/>\n\t\t<\/button>\n\n\t\t\t\t\t\t<\/div>\n\t\t\t<\/div>\n\n\t\t\t<script>\n\t\t\t\tfunction GpEEdCGFeWoXgOwY_tufisioBooking(event, url = '') {\n\t\t\t\t\tevent.preventDefault();\n\t\t\t\t\twindow.open('https:\/\/tufisio.com\/' + url + '?open=booking');\n\t\t\t\t}\n\n\t\t\t\tasync function GpEEdCGFeWoXgOwY_tufisioListChangePage(page = 0) {\n\t\t\t\t\tvar paginationElementId = 'wp-tufisio-items-GpEEdCGFeWoXgOwY';\n\t\t\t\t\tvar chunks = [[2658,1568,1781,1273,3281,2165,2014,2171,1853,1414,1795,2119,1403,1384,2093,2209,3183,2034,2665],[3082,2210,1567,1362,2033,2191,2856,1620,1410,1777,2156,3041,2038,3334,1460,1564,1950,1341,1724],[1521,3215,1738,1668,1317,1882,3331,1979,2275,1711,1845,1357,2556,1442,2857,1692,2629,1324,2105],[2126,1490]];\n\t\t\t\t\tvar params = chunks[page] ? chunks[page].map(chunkItem => 'ids[]=' + chunkItem) : [];\n\t\t\t\t\tparams.push('current_page=' + page, 'total_pages=' + chunks.length, 'hash=GpEEdCGFeWoXgOwY');\n\t\t\t\t\tdocument.getElementsByTagName('body')[0].scrollIntoView();\n\t\t\t\t\tdocument.getElementById('wp-tufisio-items-GpEEdCGFeWoXgOwY').innerHTML = 'Cargando...';\n\t\t\t\t\tdocument.getElementById('wp-tufisio-pagination-GpEEdCGFeWoXgOwY').innerHTML = '';\n\t\t\t\t\tvar res = await fetch('https:\/\/tufisio.com\/directorio\/wp-json\/wp-tufisio-list\/v1\/cards?' + params.join('&')).then(res => res.json()).catch(() => ({ cards: '' }));\n\t\t\t\t\tdocument.getElementById('wp-tufisio-items-GpEEdCGFeWoXgOwY').innerHTML = res.cards;\n\t\t\t\t\tdocument.getElementById('wp-tufisio-pagination-GpEEdCGFeWoXgOwY').innerHTML = res.pagination;\n\t\t\t\t}\n\t\t\t<\/script>\n\t\t\t\n\n\n<div style=\"color:#ddd\" class=\"wp-block-genesis-blocks-gb-spacer gb-block-spacer gb-divider-solid gb-divider-size-1\"><hr style=\"height:30px\"\/><\/div>\n<\/div><\/div>\n\n\n\n<div class=\"wp-block-genesis-blocks-gb-column gb-block-layout-column\"><div class=\"gb-block-layout-column-inner\">\n<figure class=\"wp-block-gallery aligncenter has-nested-images columns-default is-cropped wp-block-gallery-1 is-layout-flex wp-block-gallery-is-layout-flex\">\n<figure class=\"wp-block-image size-large\"><a href=\"https:\/\/tufisio.com\/buscar?lat=6.2476376&amp;lng=-75.56581530000001&amp;northBoundLat=6.362424486075355&amp;westBoundLng=-75.698316330839&amp;southBoundLat=6.132825532733889&amp;eastBoundLng=-75.43331426916163&amp;zoom=11.123739597795502&amp;orderBy=DISTANCE&amp;autoReload=true&amp;atHomeAccepted=false\"><img loading=\"lazy\" decoding=\"async\" width=\"546\" height=\"1024\" data-id=\"730\" src=\"https:\/\/tufisio.com\/directorio\/wp-content\/uploads\/2024\/01\/Diseno-sin-titulo-16-1-546x1024.png\" alt=\"\" class=\"wp-image-730\" srcset=\"https:\/\/tufisio.com\/directorio\/wp-content\/uploads\/2024\/01\/Diseno-sin-titulo-16-1-546x1024.png 546w, https:\/\/tufisio.com\/directorio\/wp-content\/uploads\/2024\/01\/Diseno-sin-titulo-16-1-160x300.png 160w, https:\/\/tufisio.com\/directorio\/wp-content\/uploads\/2024\/01\/Diseno-sin-titulo-16-1-768x1440.png 768w, https:\/\/tufisio.com\/directorio\/wp-content\/uploads\/2024\/01\/Diseno-sin-titulo-16-1-819x1536.png 819w, https:\/\/tufisio.com\/directorio\/wp-content\/uploads\/2024\/01\/Diseno-sin-titulo-16-1-1092x2048.png 1092w\" sizes=\"auto, (max-width: 546px) 100vw, 546px\" \/><\/a><\/figure>\n<\/figure>\n<\/div><\/div>\n<\/div><\/div>\n\n\n\n<div style=\"color:#ddd\" class=\"wp-block-genesis-blocks-gb-spacer gb-block-spacer gb-divider-solid gb-divider-size-1\"><hr style=\"height:30px\"\/><\/div>\n\n\n\n<div class=\"wp-block-genesis-blocks-gb-columns gb-layout-columns-1 gb-1-col-equal gb-has-custom-background-color alignfull\" style=\"padding-right:30px;padding-left:30px;background-color:#f4f1ed\"><div class=\"gb-layout-column-wrap gb-block-layout-column-gap-2 gb-is-responsive-column\">\n<div class=\"wp-block-genesis-blocks-gb-column gb-block-layout-column\"><div class=\"gb-block-layout-column-inner\">\n<div class=\"wp-block-columns alignwide is-layout-flex wp-container-core-columns-is-layout-9d6595d7 wp-block-columns-is-layout-flex\">\n<div class=\"wp-block-column is-layout-flow wp-block-column-is-layout-flow\">\n<div style=\"color:#ddd\" class=\"wp-block-genesis-blocks-gb-spacer gb-block-spacer gb-divider-solid gb-divider-size-1\"><hr style=\"height:30px\"\/><\/div>\n\n\n\n<h2 class=\"wp-block-heading alignwide has-text-align-left\">Preguntas frecuentes<\/h2>\n\n\n\n<p><\/p>\n\n\n\n<div style=\"color:#ddd\" class=\"wp-block-genesis-blocks-gb-spacer gb-block-spacer gb-divider-solid gb-divider-size-1\"><hr style=\"height:30px\"\/><\/div>\n<\/div>\n<\/div>\n\n\n\n<div class=\"wp-block-columns alignwide is-layout-flex wp-container-core-columns-is-layout-9d6595d7 wp-block-columns-is-layout-flex\">\n<div class=\"wp-block-column is-layout-flow wp-block-column-is-layout-flow\">\n<div class=\"wp-block-genesis-blocks-gb-accordion gb-font-size-18 gb-block-accordion\"><details><summary class=\"gb-accordion-title\">\u00bfC\u00f3mo elegir un fisioterapeuta en Medell\u00edn?<\/summary><div class=\"gb-accordion-text\">\n<p><\/p>\n<\/div><\/details><\/div>\n<\/div>\n\n\n\n<div class=\"wp-block-column is-layout-flow wp-block-column-is-layout-flow\">\n<div class=\"wp-block-genesis-blocks-gb-accordion gb-font-size-18 gb-block-accordion\"><details><summary class=\"gb-accordion-title\">\u00bfQu\u00e9 debes tener en cuenta para elegir un fisioterapeuta en Medell\u00edn?<\/summary><div class=\"gb-accordion-text\">\n<p><\/p>\n<\/div><\/details><\/div>\n<\/div>\n<\/div>\n<\/div><\/div>\n<\/div><\/div>\n","protected":false},"excerpt":{"rendered":"","protected":false},"author":1,"featured_media":0,"parent":0,"menu_order":0,"comment_status":"closed","ping_status":"closed","template":"","meta":{"inline_featured_image":false,"_genesis_hide_title":true,"_genesis_hide_breadcrumbs":true,"_genesis_hide_singular_image":true,"_genesis_hide_footer_widgets":false,"_genesis_custom_body_class":"","_genesis_custom_post_class":"","_genesis_layout":"full-width-content","footnotes":""},"class_list":{"0":"post-729","1":"page","2":"type-page","3":"status-publish","5":"entry"},"featured_image_src":null,"featured_image_src_square":null,"_links":{"self":[{"href":"https:\/\/tufisio.com\/directorio\/wp-json\/wp\/v2\/pages\/729","targetHints":{"allow":["GET"]}}],"collection":[{"href":"https:\/\/tufisio.com\/directorio\/wp-json\/wp\/v2\/pages"}],"about":[{"href":"https:\/\/tufisio.com\/directorio\/wp-json\/wp\/v2\/types\/page"}],"author":[{"embeddable":true,"href":"https:\/\/tufisio.com\/directorio\/wp-json\/wp\/v2\/users\/1"}],"replies":[{"embeddable":true,"href":"https:\/\/tufisio.com\/directorio\/wp-json\/wp\/v2\/comments?post=729"}],"version-history":[{"count":2,"href":"https:\/\/tufisio.com\/directorio\/wp-json\/wp\/v2\/pages\/729\/revisions"}],"predecessor-version":[{"id":757,"href":"https:\/\/tufisio.com\/directorio\/wp-json\/wp\/v2\/pages\/729\/revisions\/757"}],"wp:attachment":[{"href":"https:\/\/tufisio.com\/directorio\/wp-json\/wp\/v2\/media?parent=729"}],"curies":[{"name":"wp","href":"https:\/\/api.w.org\/{rel}","templated":true}]}}