{"id":843,"date":"2024-01-16T11:44:06","date_gmt":"2024-01-16T10:44:06","guid":{"rendered":"https:\/\/tufisio.com\/directorio\/?page_id=843"},"modified":"2024-01-17T14:22:07","modified_gmt":"2024-01-17T13:22:07","slug":"mejores-fisioterapeutas-en-leon-de-los-aldama","status":"publish","type":"page","link":"https:\/\/tufisio.com\/directorio\/mejores-fisioterapeutas-en-leon-de-los-aldama\/","title":{"rendered":"Los mejores fisioterapeutas en Le\u00f3n de los Aldama"},"content":{"rendered":"\n<div style=\"color:#ddd\" class=\"wp-block-genesis-blocks-gb-spacer gb-block-spacer gb-divider-solid gb-divider-size-1\"><hr style=\"height:30px\"\/><\/div>\n\n\n\n<div class=\"wp-block-genesis-blocks-gb-columns gb-layout-columns-1 gb-1-col-equal alignwide\"><div class=\"gb-layout-column-wrap gb-block-layout-column-gap-4 gb-is-responsive-column\">\n<div class=\"wp-block-genesis-blocks-gb-column gb-block-layout-column gb-is-vertically-aligned-top\"><div class=\"gb-block-layout-column-inner\">\n<h1 class=\"wp-block-heading\">Los mejores fisioterapeutas en Le\u00f3n de los Aldama<\/h1>\n\n\n\n<p>Recupera tu bienestar f\u00edsico con el mejor fisioterapeuta en Le\u00f3n de los Aldama. Encuentra al experto que te ayudar\u00e1 a aliviar tus dolencias y mejorar tu movilidad.<\/p>\n\n\n\n<h2 class=\"wp-block-heading\">Fisioterapeutas en Le\u00f3n de los Aldama<\/h2>\n<\/div><\/div>\n<\/div><\/div>\n\n\n\n<div class=\"wp-block-genesis-blocks-gb-columns gb-layout-columns-2 gb-2-col-wideleft alignwide\" style=\"margin-top:15px\"><div class=\"gb-layout-column-wrap gb-block-layout-column-gap-4 gb-is-responsive-column\">\n<div class=\"wp-block-genesis-blocks-gb-column gb-block-layout-column gb-is-vertically-aligned-top\"><div class=\"gb-block-layout-column-inner\">\n\t\t\t<div class=\"wp-tufisio-list-frontend\">\n\t\t\t\t<div id=\"wp-tufisio-items-FqafqBERLzSKoDYp\" class=\"wp-tufisio-items\">\n\t\t\t\t\t\t\t\t\t<a class=\"wp-tufisio-list-free-item\"\n\t\t\t\t\thref=\"https:\/\/tufisio.com\/fisioterapeuta\/leon\/iris-amairany-carrizales-rivera\" target=\"_blank\"\n\t\t\t\t\ttitle=\"Iris Amairany Carrizales Rivera\">\n\t\t\t\t\t<div class=\"wp-tufisio-list-free-item-name\">\n\t\t\t\t\t\tIris Amairany Carrizales Rivera\t\t\t\t\t<\/div>\n\t\t\t\t\t<div class=\"wp-tufisio-list-free-item-address\">\n\t\t\t\t\t\t<img decoding=\"async\" src=\"https:\/\/tufisio.com\/assets\/images\/professional-icons\/location.svg\" alt=\"Icono\" \/>\n\t\t\t\t\t\tLe\u00f3n, Guanajuato\t\t\t\t\t<\/div>\n\t\t\t\t<\/a>\n\t\t\t\t\t\t\t\t<a class=\"wp-tufisio-list-free-item\"\n\t\t\t\t\thref=\"https:\/\/tufisio.com\/fisioterapeuta\/leon\/juan-manuel-chavez-zamora\" target=\"_blank\"\n\t\t\t\t\ttitle=\"Juan Manuel Ch\u00e1vez Zamora\">\n\t\t\t\t\t<div class=\"wp-tufisio-list-free-item-name\">\n\t\t\t\t\t\tJuan Manuel Ch\u00e1vez Zamora\t\t\t\t\t<\/div>\n\t\t\t\t\t<div class=\"wp-tufisio-list-free-item-address\">\n\t\t\t\t\t\t<img decoding=\"async\" src=\"https:\/\/tufisio.com\/assets\/images\/professional-icons\/location.svg\" alt=\"Icono\" \/>\n\t\t\t\t\t\tLe\u00f3n, Guanajuato\t\t\t\t\t<\/div>\n\t\t\t\t<\/a>\n\t\t\t\t\t\t\t\t<\/div>\n\t\t\t\t<div id=\"wp-tufisio-pagination-FqafqBERLzSKoDYp\" class=\"wp-tufisio-pagination\">\n\t\t\t\t\t\n\t\t<button disabled class=\" wp-tufisio-pagination-number\"\n\t\t\tonclick=\"FqafqBERLzSKoDYp_tufisioListChangePage(0)\">\n\t\t\t<img decoding=\"async\" src=\"https:\/\/tufisio.com\/directorio\/wp-content\/plugins\/wp-tufisio-list\/assets\/navigation-first.svg\" alt=\"Primero\" \/>\n\t\t<\/button>\n\n\t\t<button disabled class=\" wp-tufisio-pagination-number\"\n\t\t\tonclick=\"FqafqBERLzSKoDYp_tufisioListChangePage(-1)\">\n\t\t\t<img decoding=\"async\" src=\"https:\/\/tufisio.com\/directorio\/wp-content\/plugins\/wp-tufisio-list\/assets\/navigation-prev.svg\" alt=\"Anterior\" \/>\n\t\t<\/button>\n\n\t\t\t\t\t<button class=\"wp-tufisio-pagination-number wp-tufisio-pagination-number-active\" onclick=\"FqafqBERLzSKoDYp_tufisioListChangePage(0)\">\n\t\t\t\t<span>\n\t\t\t\t\t1\t\t\t\t<\/span>\n\t\t\t<\/button>\n\t\t\n\t\t<button disabled class=\"wp-tufisio-pagination-number\"\n\t\t\tonclick=\"FqafqBERLzSKoDYp_tufisioListChangePage(1)\">\n\t\t\t<img decoding=\"async\" src=\"https:\/\/tufisio.com\/directorio\/wp-content\/plugins\/wp-tufisio-list\/assets\/navigation-next.svg\" alt=\"Siguiente\" \/>\n\t\t<\/button>\n\n\t\t<button disabled class=\"wp-tufisio-pagination-number\"\n\t\t\tonclick=\"FqafqBERLzSKoDYp_tufisioListChangePage(0)\">\n\t\t\t<img decoding=\"async\" src=\"https:\/\/tufisio.com\/directorio\/wp-content\/plugins\/wp-tufisio-list\/assets\/navigation-last.svg\" alt=\"\u00daltimo\" \/>\n\t\t<\/button>\n\n\t\t\t\t\t\t<\/div>\n\t\t\t<\/div>\n\n\t\t\t<script>\n\t\t\t\tfunction FqafqBERLzSKoDYp_tufisioBooking(event, url = '') {\n\t\t\t\t\tevent.preventDefault();\n\t\t\t\t\twindow.open('https:\/\/tufisio.com\/' + url + '?open=booking');\n\t\t\t\t}\n\n\t\t\t\tasync function FqafqBERLzSKoDYp_tufisioListChangePage(page = 0) {\n\t\t\t\t\tvar paginationElementId = 'wp-tufisio-items-FqafqBERLzSKoDYp';\n\t\t\t\t\tvar chunks = [[1886,1927]];\n\t\t\t\t\tvar params = chunks[page] ? chunks[page].map(chunkItem => 'ids[]=' + chunkItem) : [];\n\t\t\t\t\tparams.push('current_page=' + page, 'total_pages=' + chunks.length, 'hash=FqafqBERLzSKoDYp');\n\t\t\t\t\tdocument.getElementsByTagName('body')[0].scrollIntoView();\n\t\t\t\t\tdocument.getElementById('wp-tufisio-items-FqafqBERLzSKoDYp').innerHTML = 'Cargando...';\n\t\t\t\t\tdocument.getElementById('wp-tufisio-pagination-FqafqBERLzSKoDYp').innerHTML = '';\n\t\t\t\t\tvar res = await fetch('https:\/\/tufisio.com\/directorio\/wp-json\/wp-tufisio-list\/v1\/cards?' + params.join('&')).then(res => res.json()).catch(() => ({ cards: '' }));\n\t\t\t\t\tdocument.getElementById('wp-tufisio-items-FqafqBERLzSKoDYp').innerHTML = res.cards;\n\t\t\t\t\tdocument.getElementById('wp-tufisio-pagination-FqafqBERLzSKoDYp').innerHTML = res.pagination;\n\t\t\t\t}\n\t\t\t<\/script>\n\t\t\t\n\n\n<div style=\"color:#ddd\" class=\"wp-block-genesis-blocks-gb-spacer gb-block-spacer gb-divider-solid gb-divider-size-1\"><hr style=\"height:30px\"\/><\/div>\n<\/div><\/div>\n\n\n\n<div class=\"wp-block-genesis-blocks-gb-column gb-block-layout-column\"><div class=\"gb-block-layout-column-inner\">\n<figure class=\"wp-block-gallery aligncenter has-nested-images columns-default is-cropped wp-block-gallery-1 is-layout-flex wp-block-gallery-is-layout-flex\">\n<figure class=\"wp-block-image size-large\"><a href=\"https:\/\/tufisio.com\/buscar?lat=21.11432612880502&amp;lng=-101.64467723336735&amp;northBoundLat=21.26510720244795&amp;westBoundLng=-101.82999507379265&amp;southBoundLat=20.96339167322664&amp;eastBoundLng=-101.45935939294134&amp;zoom=10.637998097441717&amp;orderBy=DISTANCE&amp;autoReload=true\"><img loading=\"lazy\" decoding=\"async\" width=\"546\" height=\"1024\" data-id=\"844\" src=\"https:\/\/tufisio.com\/directorio\/wp-content\/uploads\/2024\/01\/Diseno-sin-titulo-16-38-546x1024.png\" alt=\"\" class=\"wp-image-844\" srcset=\"https:\/\/tufisio.com\/directorio\/wp-content\/uploads\/2024\/01\/Diseno-sin-titulo-16-38-546x1024.png 546w, https:\/\/tufisio.com\/directorio\/wp-content\/uploads\/2024\/01\/Diseno-sin-titulo-16-38-160x300.png 160w, https:\/\/tufisio.com\/directorio\/wp-content\/uploads\/2024\/01\/Diseno-sin-titulo-16-38-768x1440.png 768w, https:\/\/tufisio.com\/directorio\/wp-content\/uploads\/2024\/01\/Diseno-sin-titulo-16-38-819x1536.png 819w, https:\/\/tufisio.com\/directorio\/wp-content\/uploads\/2024\/01\/Diseno-sin-titulo-16-38-1092x2048.png 1092w\" sizes=\"auto, (max-width: 546px) 100vw, 546px\" \/><\/a><\/figure>\n<\/figure>\n<\/div><\/div>\n<\/div><\/div>\n\n\n\n<div style=\"color:#ddd\" class=\"wp-block-genesis-blocks-gb-spacer gb-block-spacer gb-divider-solid gb-divider-size-1\"><hr style=\"height:30px\"\/><\/div>\n\n\n\n<div class=\"wp-block-genesis-blocks-gb-columns gb-layout-columns-1 gb-1-col-equal gb-has-custom-background-color alignfull\" style=\"padding-right:30px;padding-left:30px;background-color:#f4f1ed\"><div class=\"gb-layout-column-wrap gb-block-layout-column-gap-2 gb-is-responsive-column\">\n<div class=\"wp-block-genesis-blocks-gb-column gb-block-layout-column\"><div class=\"gb-block-layout-column-inner\">\n<div class=\"wp-block-columns alignwide is-layout-flex wp-container-core-columns-is-layout-9d6595d7 wp-block-columns-is-layout-flex\">\n<div class=\"wp-block-column is-layout-flow wp-block-column-is-layout-flow\">\n<div style=\"color:#ddd\" class=\"wp-block-genesis-blocks-gb-spacer gb-block-spacer gb-divider-solid gb-divider-size-1\"><hr style=\"height:30px\"\/><\/div>\n\n\n\n<h2 class=\"wp-block-heading alignwide has-text-align-left\">Preguntas frecuentes<\/h2>\n\n\n\n<p><\/p>\n\n\n\n<div style=\"color:#ddd\" class=\"wp-block-genesis-blocks-gb-spacer gb-block-spacer gb-divider-solid gb-divider-size-1\"><hr style=\"height:30px\"\/><\/div>\n<\/div>\n<\/div>\n\n\n\n<div class=\"wp-block-columns alignwide is-layout-flex wp-container-core-columns-is-layout-9d6595d7 wp-block-columns-is-layout-flex\">\n<div class=\"wp-block-column is-layout-flow wp-block-column-is-layout-flow\">\n<div class=\"wp-block-genesis-blocks-gb-accordion gb-font-size-18 gb-block-accordion\"><details><summary class=\"gb-accordion-title\">\u00bfC\u00f3mo elegir un fisioterapeuta en Le\u00f3n de los Aldama?<\/summary><div class=\"gb-accordion-text\">\n<p><\/p>\n<\/div><\/details><\/div>\n<\/div>\n\n\n\n<div class=\"wp-block-column is-layout-flow wp-block-column-is-layout-flow\">\n<div class=\"wp-block-genesis-blocks-gb-accordion gb-font-size-18 gb-block-accordion\"><details><summary class=\"gb-accordion-title\">\u00bfQu\u00e9 debes tener en cuenta para elegir un fisioterapeuta en Le\u00f3n de los Aldama?<\/summary><div class=\"gb-accordion-text\">\n<p><\/p>\n<\/div><\/details><\/div>\n<\/div>\n<\/div>\n<\/div><\/div>\n<\/div><\/div>\n","protected":false},"excerpt":{"rendered":"","protected":false},"author":1,"featured_media":0,"parent":0,"menu_order":0,"comment_status":"closed","ping_status":"closed","template":"","meta":{"inline_featured_image":false,"_genesis_hide_title":true,"_genesis_hide_breadcrumbs":true,"_genesis_hide_singular_image":true,"_genesis_hide_footer_widgets":false,"_genesis_custom_body_class":"","_genesis_custom_post_class":"","_genesis_layout":"full-width-content","footnotes":""},"class_list":{"0":"post-843","1":"page","2":"type-page","3":"status-publish","5":"entry"},"featured_image_src":null,"featured_image_src_square":null,"_links":{"self":[{"href":"https:\/\/tufisio.com\/directorio\/wp-json\/wp\/v2\/pages\/843","targetHints":{"allow":["GET"]}}],"collection":[{"href":"https:\/\/tufisio.com\/directorio\/wp-json\/wp\/v2\/pages"}],"about":[{"href":"https:\/\/tufisio.com\/directorio\/wp-json\/wp\/v2\/types\/page"}],"author":[{"embeddable":true,"href":"https:\/\/tufisio.com\/directorio\/wp-json\/wp\/v2\/users\/1"}],"replies":[{"embeddable":true,"href":"https:\/\/tufisio.com\/directorio\/wp-json\/wp\/v2\/comments?post=843"}],"version-history":[{"count":2,"href":"https:\/\/tufisio.com\/directorio\/wp-json\/wp\/v2\/pages\/843\/revisions"}],"predecessor-version":[{"id":984,"href":"https:\/\/tufisio.com\/directorio\/wp-json\/wp\/v2\/pages\/843\/revisions\/984"}],"wp:attachment":[{"href":"https:\/\/tufisio.com\/directorio\/wp-json\/wp\/v2\/media?parent=843"}],"curies":[{"name":"wp","href":"https:\/\/api.w.org\/{rel}","templated":true}]}}